{"id":10372,"date":"2013-11-29T09:26:32","date_gmt":"2013-11-29T08:26:32","guid":{"rendered":"https:\/\/www.aufbruch-trainings.de\/home\/"},"modified":"2025-03-26T16:45:52","modified_gmt":"2025-03-26T15:45:52","slug":"home","status":"publish","type":"page","link":"https:\/\/www.aufbruch-trainings.de\/en\/","title":{"rendered":"Home &#8211; Possibility Management Training &#8211; Coaching &#8211; Expand the Box"},"content":{"rendered":"<h1>N\u00e4her an der eigenen Wahrheit leben<br \/>\nErf\u00fcllt in Beziehung sein<br \/>\nWirkungsvoll zum gro\u00dfen Ganzen beitragen<\/h1>\n<div class=\"row\">\n<div class=\"col-md-6\">\n<p><a title=\"Expand The Box, Possibility Management Training\" href=\"https:\/\/www.aufbruch-trainings.de\/expand-the-box-possibility-management.html\"><img decoding=\"async\" class=\" wp-image-51\" src=\"https:\/\/www.aufbruch-trainings.de\/wp-content\/uploads\/Possible-Kompass.jpg\" alt=\"Bild Possible-Kompass\" width=\"100%\" \/><\/a><\/p>\n<\/div>\n<div class=\"col-md-6\">\n<p>In dieser Zeit offensichtlicher Umbr\u00fcche, verbreiteter Orientierungslosigkeit und berechtigter Zweifel am Gelingen des sozialen Miteinanders er\u00f6ffnet Aufbruch Trainings R\u00e4ume, in denen Menschen aus der Vereinzelung aufbrechen, im Team experimentieren und ganz praktisch ausprobieren, wie Leben anders geht und gelingt.<\/p>\n<p>Wir bauen Br\u00fccken zwischen der Entfaltung des Einzelnen und der Entwicklung in unseren Gemeinschaften.<br \/>\nWir bauen Br\u00fccken zwischen der bisherigen, immer deutlicher kollabierenden Kultur und der n\u00e4chsten, die tragf\u00e4hig und heilsam ist.<\/p>\n<p>Gandhi sagte: <strong>\u201eDu musst der Wandel sein, den Du in der Welt sehen m\u00f6chtest.\u201c<\/strong><\/p>\n<p>Die Keimzelle f\u00fcr die Ver\u00e4nderung im Gro\u00dfen liegt in unserer eigenen pers\u00f6nlichen Entwicklung. Diese beginnt, wenn wir uns aus unserer Komfortzone herausbewegen und uns mit Gleichgesinnten zusammentun.<\/p>\n<p>Menschsein neu entdecken, praktisch experimentieren und miteinander auf hohem Niveau Spa\u00df haben &#8211; das ist Aufbruch Trainings.<\/p>\n<p><strong>Wir freuen uns auf alle, die wir auf einem St\u00fcck Weg begleiten d\u00fcrfen.<\/strong><\/p>\n<hr \/>\n<p><a href=\"https:\/\/www.aufbruch-trainings.de\/en\/peaceful-warrior-training\/\">Peaceful Warrior Training<\/a><br \/>\n<a href=\"https:\/\/www.aufbruch-trainings.de\/en\/expand-the-box-possibility-management\/\">Expand The Box<\/a><br \/>\n<a title=\"Aufbruch Team, Coaching f\u00fcr Teams\" href=\"https:\/\/www.aufbruch-trainings.de\/en\/possibility-team\/\">Possibility Team<\/a><br \/>\n<a title=\"Aufbruch Solo, Einzel-Coaching\" href=\"https:\/\/www.aufbruch-trainings.de\/en\/possibility-coaching\/\">Possibility Coaching f\u00fcr Einzelpersonen und Paare<\/a><\/p>\n<\/div>\n<\/div>\n","protected":false},"excerpt":{"rendered":"<p>N\u00e4her an der eigenen Wahrheit leben Erf\u00fcllt in Beziehung sein Wirkungsvoll zum gro\u00dfen Ganzen beitragen In dieser Zeit offensichtlicher Umbr\u00fcche, verbreiteter Orientierungslosigkeit und berechtigter Zweifel am Gelingen des sozialen Miteinanders er\u00f6ffnet Aufbruch Trainings R\u00e4ume, in denen Menschen aus der Vereinzelung aufbrechen, im Team experimentieren und ganz praktisch ausprobieren, wie Leben anders geht und gelingt. Wir [&hellip;]<\/p>\n","protected":false},"author":5,"featured_media":0,"parent":0,"menu_order":0,"comment_status":"closed","ping_status":"closed","template":"page-full-width.php","meta":{"footnotes":""},"class_list":["post-10372","page","type-page","status-publish","hentry"],"yoast_head":"<!-- This site is optimized with the Yoast SEO plugin v27.1.1 - https:\/\/yoast.com\/product\/yoast-seo-wordpress\/ -->\n<title>Possibility Management, Coaching, M\u00fcnchen - Aufbruch Trainings<\/title>\n<meta name=\"description\" content=\"Die Keimzelle f\u00fcr die Ver\u00e4nderung im Gro\u00dfen liegt in unserer eigenen pers\u00f6nlichen Entwicklung. Raus aus unserer Komfortzone, gemeinsam mit Gleichgesinnten. Possibility Management \u2013 Expand The Box \u2013 Coaching f\u00fcr Paare, Teams und Einzelpersonen.\" \/>\n<meta name=\"robots\" content=\"index, follow, max-snippet:-1, max-image-preview:large, max-video-preview:-1\" \/>\n<link rel=\"canonical\" href=\"https:\/\/www.aufbruch-trainings.de\/en\/\" \/>\n<meta property=\"og:locale\" content=\"en_US\" \/>\n<meta property=\"og:type\" content=\"article\" \/>\n<meta property=\"og:title\" content=\"Possibility Management, Coaching, M\u00fcnchen - Aufbruch Trainings\" \/>\n<meta property=\"og:description\" content=\"Die Keimzelle f\u00fcr die Ver\u00e4nderung im Gro\u00dfen liegt in unserer eigenen pers\u00f6nlichen Entwicklung. Raus aus unserer Komfortzone, gemeinsam mit Gleichgesinnten. Possibility Management \u2013 Expand The Box \u2013 Coaching f\u00fcr Paare, Teams und Einzelpersonen.\" \/>\n<meta property=\"og:url\" content=\"https:\/\/www.aufbruch-trainings.de\/en\/\" \/>\n<meta property=\"og:site_name\" content=\"Aufbruch Trainings\" \/>\n<meta property=\"article:modified_time\" content=\"2025-03-26T15:45:52+00:00\" \/>\n<meta name=\"twitter:card\" content=\"summary_large_image\" \/>\n<meta name=\"twitter:label1\" content=\"Est. reading time\" \/>\n\t<meta name=\"twitter:data1\" content=\"2 minutes\" \/>\n<script type=\"application\/ld+json\" class=\"yoast-schema-graph\">{\"@context\":\"https:\/\/schema.org\",\"@graph\":[{\"@type\":\"WebPage\",\"@id\":\"https:\/\/www.aufbruch-trainings.de\/en\/\",\"url\":\"https:\/\/www.aufbruch-trainings.de\/en\/\",\"name\":\"Possibility Management, Coaching, M\u00fcnchen - Aufbruch Trainings\",\"isPartOf\":{\"@id\":\"https:\/\/www.aufbruch-trainings.de\/en\/#website\"},\"primaryImageOfPage\":{\"@id\":\"https:\/\/www.aufbruch-trainings.de\/en\/#primaryimage\"},\"image\":{\"@id\":\"https:\/\/www.aufbruch-trainings.de\/en\/#primaryimage\"},\"thumbnailUrl\":\"https:\/\/www.aufbruch-trainings.de\/wp-content\/uploads\/Possible-Kompass.jpg\",\"datePublished\":\"2013-11-29T08:26:32+00:00\",\"dateModified\":\"2025-03-26T15:45:52+00:00\",\"description\":\"Die Keimzelle f\u00fcr die Ver\u00e4nderung im Gro\u00dfen liegt in unserer eigenen pers\u00f6nlichen Entwicklung. Raus aus unserer Komfortzone, gemeinsam mit Gleichgesinnten. Possibility Management \u2013 Expand The Box \u2013 Coaching f\u00fcr Paare, Teams und Einzelpersonen.\",\"inLanguage\":\"en-US\",\"potentialAction\":[{\"@type\":\"ReadAction\",\"target\":[\"https:\/\/www.aufbruch-trainings.de\/en\/\"]}]},{\"@type\":\"ImageObject\",\"inLanguage\":\"en-US\",\"@id\":\"https:\/\/www.aufbruch-trainings.de\/en\/#primaryimage\",\"url\":\"https:\/\/www.aufbruch-trainings.de\/wp-content\/uploads\/Possible-Kompass.jpg\",\"contentUrl\":\"https:\/\/www.aufbruch-trainings.de\/wp-content\/uploads\/Possible-Kompass.jpg\"},{\"@type\":\"WebSite\",\"@id\":\"https:\/\/www.aufbruch-trainings.de\/en\/#website\",\"url\":\"https:\/\/www.aufbruch-trainings.de\/en\/\",\"name\":\"Aufbruch Trainings\",\"description\":\"empowering people | possibility management | expand the box | coaching\",\"potentialAction\":[{\"@type\":\"SearchAction\",\"target\":{\"@type\":\"EntryPoint\",\"urlTemplate\":\"https:\/\/www.aufbruch-trainings.de\/en\/?s={search_term_string}\"},\"query-input\":{\"@type\":\"PropertyValueSpecification\",\"valueRequired\":true,\"valueName\":\"search_term_string\"}}],\"inLanguage\":\"en-US\"}]}<\/script>\n<!-- \/ Yoast SEO plugin. -->","yoast_head_json":{"title":"Possibility Management, Coaching, M\u00fcnchen - Aufbruch Trainings","description":"Die Keimzelle f\u00fcr die Ver\u00e4nderung im Gro\u00dfen liegt in unserer eigenen pers\u00f6nlichen Entwicklung. Raus aus unserer Komfortzone, gemeinsam mit Gleichgesinnten. Possibility Management \u2013 Expand The Box \u2013 Coaching f\u00fcr Paare, Teams und Einzelpersonen.","robots":{"index":"index","follow":"follow","max-snippet":"max-snippet:-1","max-image-preview":"max-image-preview:large","max-video-preview":"max-video-preview:-1"},"canonical":"https:\/\/www.aufbruch-trainings.de\/en\/","og_locale":"en_US","og_type":"article","og_title":"Possibility Management, Coaching, M\u00fcnchen - Aufbruch Trainings","og_description":"Die Keimzelle f\u00fcr die Ver\u00e4nderung im Gro\u00dfen liegt in unserer eigenen pers\u00f6nlichen Entwicklung. Raus aus unserer Komfortzone, gemeinsam mit Gleichgesinnten. Possibility Management \u2013 Expand The Box \u2013 Coaching f\u00fcr Paare, Teams und Einzelpersonen.","og_url":"https:\/\/www.aufbruch-trainings.de\/en\/","og_site_name":"Aufbruch Trainings","article_modified_time":"2025-03-26T15:45:52+00:00","twitter_card":"summary_large_image","twitter_misc":{"Est. reading time":"2 minutes"},"schema":{"@context":"https:\/\/schema.org","@graph":[{"@type":"WebPage","@id":"https:\/\/www.aufbruch-trainings.de\/en\/","url":"https:\/\/www.aufbruch-trainings.de\/en\/","name":"Possibility Management, Coaching, M\u00fcnchen - Aufbruch Trainings","isPartOf":{"@id":"https:\/\/www.aufbruch-trainings.de\/en\/#website"},"primaryImageOfPage":{"@id":"https:\/\/www.aufbruch-trainings.de\/en\/#primaryimage"},"image":{"@id":"https:\/\/www.aufbruch-trainings.de\/en\/#primaryimage"},"thumbnailUrl":"https:\/\/www.aufbruch-trainings.de\/wp-content\/uploads\/Possible-Kompass.jpg","datePublished":"2013-11-29T08:26:32+00:00","dateModified":"2025-03-26T15:45:52+00:00","description":"Die Keimzelle f\u00fcr die Ver\u00e4nderung im Gro\u00dfen liegt in unserer eigenen pers\u00f6nlichen Entwicklung. Raus aus unserer Komfortzone, gemeinsam mit Gleichgesinnten. Possibility Management \u2013 Expand The Box \u2013 Coaching f\u00fcr Paare, Teams und Einzelpersonen.","inLanguage":"en-US","potentialAction":[{"@type":"ReadAction","target":["https:\/\/www.aufbruch-trainings.de\/en\/"]}]},{"@type":"ImageObject","inLanguage":"en-US","@id":"https:\/\/www.aufbruch-trainings.de\/en\/#primaryimage","url":"https:\/\/www.aufbruch-trainings.de\/wp-content\/uploads\/Possible-Kompass.jpg","contentUrl":"https:\/\/www.aufbruch-trainings.de\/wp-content\/uploads\/Possible-Kompass.jpg"},{"@type":"WebSite","@id":"https:\/\/www.aufbruch-trainings.de\/en\/#website","url":"https:\/\/www.aufbruch-trainings.de\/en\/","name":"Aufbruch Trainings","description":"empowering people | possibility management | expand the box | coaching","potentialAction":[{"@type":"SearchAction","target":{"@type":"EntryPoint","urlTemplate":"https:\/\/www.aufbruch-trainings.de\/en\/?s={search_term_string}"},"query-input":{"@type":"PropertyValueSpecification","valueRequired":true,"valueName":"search_term_string"}}],"inLanguage":"en-US"}]}},"_links":{"self":[{"href":"https:\/\/www.aufbruch-trainings.de\/en\/wp-json\/wp\/v2\/pages\/10372","targetHints":{"allow":["GET"]}}],"collection":[{"href":"https:\/\/www.aufbruch-trainings.de\/en\/wp-json\/wp\/v2\/pages"}],"about":[{"href":"https:\/\/www.aufbruch-trainings.de\/en\/wp-json\/wp\/v2\/types\/page"}],"author":[{"embeddable":true,"href":"https:\/\/www.aufbruch-trainings.de\/en\/wp-json\/wp\/v2\/users\/5"}],"replies":[{"embeddable":true,"href":"https:\/\/www.aufbruch-trainings.de\/en\/wp-json\/wp\/v2\/comments?post=10372"}],"version-history":[{"count":1,"href":"https:\/\/www.aufbruch-trainings.de\/en\/wp-json\/wp\/v2\/pages\/10372\/revisions"}],"predecessor-version":[{"id":10487,"href":"https:\/\/www.aufbruch-trainings.de\/en\/wp-json\/wp\/v2\/pages\/10372\/revisions\/10487"}],"wp:attachment":[{"href":"https:\/\/www.aufbruch-trainings.de\/en\/wp-json\/wp\/v2\/media?parent=10372"}],"curies":[{"name":"wp","href":"https:\/\/api.w.org\/{rel}","templated":true}]}}