{"id":10370,"date":"2013-11-29T09:55:38","date_gmt":"2013-11-29T08:55:38","guid":{"rendered":"https:\/\/www.aufbruch-trainings.de\/impressum\/"},"modified":"2025-04-17T17:38:17","modified_gmt":"2025-04-17T15:38:17","slug":"impressum","status":"publish","type":"page","link":"https:\/\/www.aufbruch-trainings.de\/en\/impressum\/","title":{"rendered":"Impressum"},"content":{"rendered":"<div>\n<div>\n<h2>Impressum<\/h2>\n<\/div>\n<p>Aufbruch Trainings Hallinger und Th\u00fcrnagel GbR<br \/>\nInhaber Michael Hallinger und Dagmar Th\u00fcrnagel<br \/>\nSt.-Wolfgangs-Platz 3<br \/>\n81669 M\u00fcnchen<\/p>\n<h5>Kontakt:<\/h5>\n<p>Telefon (089) 44 88 99 2<br \/>\n<a href=\"mailto:post@aufbruch-trainings.de\">post@aufbruch-trainings.de<\/a><br \/>\n<a href=\"https:\/\/www.aufbruch-trainings.de\/en\/\">www.aufbruch-trainings.de<\/a><\/p>\n<h5>Umsatzsteuer-ID:<\/h5>\n<p>Umsatzsteuer-Identifikationsnummer gem\u00e4\u00df \u00a727 a Umsatzsteuergesetz:<br \/>\nDE 291 215 528<\/p>\n<h5>Redaktionell verantwortlich:<\/h5>\n<p>Dagmar Th\u00fcrnagel, <a href=\"mailto:dagmar@aufbruch-trainings.de\">dagmar@aufbruch-trainings.de<\/a><\/p>\n<h5>Quellenangaben f\u00fcr die verwendeten Bilder und Grafiken:<\/h5>\n<p>\u00a9 lassedesignen, Olivier Le Moal, fotogestoeber, taran4uk,\u00a0Syda Productions,\u00a0Nagel&#8217;s Blickwinkel und Robert Kneschke Fotolia.com; Jo Szczepanska Unsplash.com; Matthias F\u00e4nder; Michael Hallinger; Dagmar Th\u00fcrnagel<\/p>\n<p>Eine Website von <a href=\"http:\/\/www.mfaender.com\" target=\"_blank\" rel=\"noopener\">Matthias F\u00e4nder<\/a><\/p>\n<p>&nbsp;<\/p>\n<h2>Haftungsausschluss<\/h2>\n<p><strong>Haftung f\u00fcr Inhalte<\/strong><\/p>\n<p>Als Diensteanbieter sind wir gem\u00e4\u00df \u00a7 7 Abs.1 TMG f\u00fcr eigene Inhalte auf diesen Seiten nach den allgemeinen Gesetzen verantwortlich. Nach \u00a7\u00a7 8 bis 10 TMG sind wir als Diensteanbieter jedoch nicht verpflichtet, \u00fcbermittelte oder gespeicherte fremde Informationen zu \u00fcberwachen oder nach Umst\u00e4nden zu forschen, die auf eine rechtswidrige T\u00e4tigkeit hinweisen. Verpflichtungen zur Entfernung oder Sperrung der Nutzung von Informationen nach den allgemeinen Gesetzen bleiben hiervon unber\u00fchrt. Eine diesbez\u00fcgliche Haftung ist jedoch erst ab dem Zeitpunkt der Kenntnis einer konkreten Rechtsverletzung m\u00f6glich. Bei Bekanntwerden von entsprechenden Rechtsverletzungen werden wir diese Inhalte umgehend entfernen.<\/p>\n<p><strong>Haftung f\u00fcr Links<\/strong><\/p>\n<p>Unser Angebot enth\u00e4lt Links zu externen Webseiten Dritter, auf deren Inhalte wir keinen Einfluss haben. Deshalb k\u00f6nnen wir f\u00fcr diese fremden Inhalte auch keine Gew\u00e4hr \u00fcbernehmen. F\u00fcr die Inhalte der verlinkten Seiten ist stets der jeweilige Anbieter oder Betreiber der Seiten verantwortlich. Die verlinkten Seiten wurden zum Zeitpunkt der Verlinkung auf m\u00f6gliche Rechtsverst\u00f6\u00dfe \u00fcberpr\u00fcft. Rechtswidrige Inhalte waren zum Zeitpunkt der Verlinkung nicht erkennbar. Eine permanente inhaltliche Kontrolle der verlinkten Seiten ist jedoch ohne konkrete Anhaltspunkte einer Rechtsverletzung nicht zumutbar. Bei Bekanntwerden von Rechtsverletzungen werden wir derartige Links umgehend entfernen.<\/p>\n<p><strong>Urheberrecht<\/strong><\/p>\n<p>Die durch die Seitenbetreiber erstellten Inhalte und Werke auf diesen Seiten unterliegen dem deutschen Urheberrecht. Die Vervielf\u00e4ltigung, Bearbeitung, Verbreitung und jede Art der Verwertung au\u00dferhalb der Grenzen des Urheberrechtes bed\u00fcrfen der schriftlichen Zustimmung des jeweiligen Autors bzw. Erstellers. Downloads und Kopien dieser Seite sind nur f\u00fcr den privaten, nicht kommerziellen Gebrauch gestattet. Soweit die Inhalte auf dieser Seite nicht vom Betreiber erstellt wurden, werden die Urheberrechte Dritter beachtet. Insbesondere werden Inhalte Dritter als solche gekennzeichnet. Sollten Sie trotzdem auf eine Urheberrechtsverletzung aufmerksam werden, bitten wir um einen entsprechenden Hinweis. Bei Bekanntwerden von Rechtsverletzungen werden wir derartige Inhalte umgehend entfernen.<\/p>\n<\/div>\n","protected":false},"excerpt":{"rendered":"<p>Impressum Aufbruch Trainings Hallinger und Th\u00fcrnagel GbR Inhaber Michael Hallinger und Dagmar Th\u00fcrnagel St.-Wolfgangs-Platz 3 81669 M\u00fcnchen Kontakt: Telefon (089) 44 88 99 2 post@aufbruch-trainings.de www.aufbruch-trainings.de Umsatzsteuer-ID: Umsatzsteuer-Identifikationsnummer gem\u00e4\u00df \u00a727 a Umsatzsteuergesetz: DE 291 215 528 Redaktionell verantwortlich: Dagmar Th\u00fcrnagel, dagmar@aufbruch-trainings.de Quellenangaben f\u00fcr die verwendeten Bilder und Grafiken: \u00a9 lassedesignen, Olivier Le Moal, fotogestoeber, taran4uk,\u00a0Syda [&hellip;]<\/p>\n","protected":false},"author":5,"featured_media":0,"parent":0,"menu_order":0,"comment_status":"closed","ping_status":"closed","template":"page-full-width.php","meta":{"footnotes":""},"class_list":["post-10370","page","type-page","status-publish","hentry"],"yoast_head":"<!-- This site is optimized with the Yoast SEO plugin v27.1.1 - https:\/\/yoast.com\/product\/yoast-seo-wordpress\/ -->\n<title>Impressum - Aufbruch Trainings<\/title>\n<meta name=\"description\" content=\"Impressum. Aufbruch Trainings Hallinger und Th\u00fcrnagel GbR - Inhaber Michael Hallinger und Dagmar Th\u00fcrnagel, M\u00fcnchen, St. Wolfgangs-Platz 3, 089 44 88 99 22\" \/>\n<meta name=\"robots\" content=\"index, follow, max-snippet:-1, max-image-preview:large, max-video-preview:-1\" \/>\n<link rel=\"canonical\" href=\"https:\/\/www.aufbruch-trainings.de\/en\/impressum\/\" \/>\n<meta property=\"og:locale\" content=\"en_US\" \/>\n<meta property=\"og:type\" content=\"article\" \/>\n<meta property=\"og:title\" content=\"Impressum - Aufbruch Trainings\" \/>\n<meta property=\"og:description\" content=\"Impressum. Aufbruch Trainings Hallinger und Th\u00fcrnagel GbR - Inhaber Michael Hallinger und Dagmar Th\u00fcrnagel, M\u00fcnchen, St. Wolfgangs-Platz 3, 089 44 88 99 22\" \/>\n<meta property=\"og:url\" content=\"https:\/\/www.aufbruch-trainings.de\/en\/impressum\/\" \/>\n<meta property=\"og:site_name\" content=\"Aufbruch Trainings\" \/>\n<meta property=\"article:modified_time\" content=\"2025-04-17T15:38:17+00:00\" \/>\n<meta name=\"twitter:card\" content=\"summary_large_image\" \/>\n<meta name=\"twitter:label1\" content=\"Est. reading time\" \/>\n\t<meta name=\"twitter:data1\" content=\"2 minutes\" \/>\n<script type=\"application\/ld+json\" class=\"yoast-schema-graph\">{\"@context\":\"https:\/\/schema.org\",\"@graph\":[{\"@type\":\"WebPage\",\"@id\":\"https:\/\/www.aufbruch-trainings.de\/en\/impressum\/\",\"url\":\"https:\/\/www.aufbruch-trainings.de\/en\/impressum\/\",\"name\":\"Impressum - Aufbruch Trainings\",\"isPartOf\":{\"@id\":\"https:\/\/www.aufbruch-trainings.de\/en\/#website\"},\"datePublished\":\"2013-11-29T08:55:38+00:00\",\"dateModified\":\"2025-04-17T15:38:17+00:00\",\"description\":\"Impressum. Aufbruch Trainings Hallinger und Th\u00fcrnagel GbR - Inhaber Michael Hallinger und Dagmar Th\u00fcrnagel, M\u00fcnchen, St. Wolfgangs-Platz 3, 089 44 88 99 22\",\"inLanguage\":\"en-US\",\"potentialAction\":[{\"@type\":\"ReadAction\",\"target\":[\"https:\/\/www.aufbruch-trainings.de\/en\/impressum\/\"]}]},{\"@type\":\"WebSite\",\"@id\":\"https:\/\/www.aufbruch-trainings.de\/en\/#website\",\"url\":\"https:\/\/www.aufbruch-trainings.de\/en\/\",\"name\":\"Aufbruch Trainings\",\"description\":\"empowering people | possibility management | expand the box | coaching\",\"potentialAction\":[{\"@type\":\"SearchAction\",\"target\":{\"@type\":\"EntryPoint\",\"urlTemplate\":\"https:\/\/www.aufbruch-trainings.de\/en\/?s={search_term_string}\"},\"query-input\":{\"@type\":\"PropertyValueSpecification\",\"valueRequired\":true,\"valueName\":\"search_term_string\"}}],\"inLanguage\":\"en-US\"}]}<\/script>\n<!-- \/ Yoast SEO plugin. -->","yoast_head_json":{"title":"Impressum - Aufbruch Trainings","description":"Impressum. Aufbruch Trainings Hallinger und Th\u00fcrnagel GbR - Inhaber Michael Hallinger und Dagmar Th\u00fcrnagel, M\u00fcnchen, St. Wolfgangs-Platz 3, 089 44 88 99 22","robots":{"index":"index","follow":"follow","max-snippet":"max-snippet:-1","max-image-preview":"max-image-preview:large","max-video-preview":"max-video-preview:-1"},"canonical":"https:\/\/www.aufbruch-trainings.de\/en\/impressum\/","og_locale":"en_US","og_type":"article","og_title":"Impressum - Aufbruch Trainings","og_description":"Impressum. Aufbruch Trainings Hallinger und Th\u00fcrnagel GbR - Inhaber Michael Hallinger und Dagmar Th\u00fcrnagel, M\u00fcnchen, St. Wolfgangs-Platz 3, 089 44 88 99 22","og_url":"https:\/\/www.aufbruch-trainings.de\/en\/impressum\/","og_site_name":"Aufbruch Trainings","article_modified_time":"2025-04-17T15:38:17+00:00","twitter_card":"summary_large_image","twitter_misc":{"Est. reading time":"2 minutes"},"schema":{"@context":"https:\/\/schema.org","@graph":[{"@type":"WebPage","@id":"https:\/\/www.aufbruch-trainings.de\/en\/impressum\/","url":"https:\/\/www.aufbruch-trainings.de\/en\/impressum\/","name":"Impressum - Aufbruch Trainings","isPartOf":{"@id":"https:\/\/www.aufbruch-trainings.de\/en\/#website"},"datePublished":"2013-11-29T08:55:38+00:00","dateModified":"2025-04-17T15:38:17+00:00","description":"Impressum. Aufbruch Trainings Hallinger und Th\u00fcrnagel GbR - Inhaber Michael Hallinger und Dagmar Th\u00fcrnagel, M\u00fcnchen, St. Wolfgangs-Platz 3, 089 44 88 99 22","inLanguage":"en-US","potentialAction":[{"@type":"ReadAction","target":["https:\/\/www.aufbruch-trainings.de\/en\/impressum\/"]}]},{"@type":"WebSite","@id":"https:\/\/www.aufbruch-trainings.de\/en\/#website","url":"https:\/\/www.aufbruch-trainings.de\/en\/","name":"Aufbruch Trainings","description":"empowering people | possibility management | expand the box | coaching","potentialAction":[{"@type":"SearchAction","target":{"@type":"EntryPoint","urlTemplate":"https:\/\/www.aufbruch-trainings.de\/en\/?s={search_term_string}"},"query-input":{"@type":"PropertyValueSpecification","valueRequired":true,"valueName":"search_term_string"}}],"inLanguage":"en-US"}]}},"_links":{"self":[{"href":"https:\/\/www.aufbruch-trainings.de\/en\/wp-json\/wp\/v2\/pages\/10370","targetHints":{"allow":["GET"]}}],"collection":[{"href":"https:\/\/www.aufbruch-trainings.de\/en\/wp-json\/wp\/v2\/pages"}],"about":[{"href":"https:\/\/www.aufbruch-trainings.de\/en\/wp-json\/wp\/v2\/types\/page"}],"author":[{"embeddable":true,"href":"https:\/\/www.aufbruch-trainings.de\/en\/wp-json\/wp\/v2\/users\/5"}],"replies":[{"embeddable":true,"href":"https:\/\/www.aufbruch-trainings.de\/en\/wp-json\/wp\/v2\/comments?post=10370"}],"version-history":[{"count":1,"href":"https:\/\/www.aufbruch-trainings.de\/en\/wp-json\/wp\/v2\/pages\/10370\/revisions"}],"predecessor-version":[{"id":10493,"href":"https:\/\/www.aufbruch-trainings.de\/en\/wp-json\/wp\/v2\/pages\/10370\/revisions\/10493"}],"wp:attachment":[{"href":"https:\/\/www.aufbruch-trainings.de\/en\/wp-json\/wp\/v2\/media?parent=10370"}],"curies":[{"name":"wp","href":"https:\/\/api.w.org\/{rel}","templated":true}]}}