{"id":10369,"date":"2013-11-29T10:35:33","date_gmt":"2013-11-29T09:35:33","guid":{"rendered":"https:\/\/www.aufbruch-trainings.de\/expand-the-box-possibility-management\/"},"modified":"2026-01-31T12:50:19","modified_gmt":"2026-01-31T11:50:19","slug":"expand-the-box-possibility-management","status":"publish","type":"page","link":"https:\/\/www.aufbruch-trainings.de\/en\/expand-the-box-possibility-management\/","title":{"rendered":"Expand The Box, Possibility Management"},"content":{"rendered":"<h1><strong>Expand The Box Training <\/strong><\/h1>\n<p><img decoding=\"async\" class=\"col-md-7 alignright wp-image-51\" src=\"https:\/\/www.aufbruch-trainings.de\/wp-content\/uploads\/Possible-Kompass.jpg\" alt=\"Bild Possibility Management\" width=\"100%\" \/>Das mehrt\u00e4gige Training erweitert deinen Blick auf dich selbst, deine Beziehungen, Denk- und Handlungsweisen. Es vermittelt eine Vielzahl von neuen Unterscheidungen und Werkzeugen f\u00fcr das menschliche Miteinander. Als berufliche Weiterbildung ist das Training besonders geeignet f\u00fcr P\u00e4dagogen, Menschen in sozialen Berufen, F\u00fchrungskr\u00e4fte und Teamleiter.<\/p>\n<p>Theorie und praktische \u00dcbungen gehen dabei Hand in Hand \u2013 ein Training in Fertigkeiten f\u00fcr die verantwortliche Neuausrichtung und St\u00e4rkung in Zeiten des kollektiven Umbruchs:<\/p>\n<ul>\n<li><strong>Zentriertsein in einem zunehmend komplexen und oft chaotischen Umfeld<\/strong><\/li>\n<li><strong>in Kontakt sein mit dem, was JETZT ist &#8211; mit sich und den anderen<\/strong><\/li>\n<li><strong>das Energiepotential der Gef\u00fchle verantwortlich und kreativ einsetzen\u00a0\u00a0\u00a0<\/strong><\/li>\n<li><strong>Gruppenintelligenz effektiv nutzen<\/strong><\/li>\n<li><strong>Raum halten f\u00fcr eine konstruktive Feedback-Kultur<\/strong><\/li>\n<li><strong>klar und mitf\u00fchlend kommunizieren und respektvolle authentische Beziehungen erschaffen<\/strong><\/li>\n<\/ul>\n<hr \/>\n<h4>Hinweis<\/h4>\n<p>Dieses Training bieten wir unter dem bisherigen Namen nicht mehr an. Unser Engagement im Feld ganzheitlicher Heilung und Evolution von Menschen auf individueller wie auch kollektiver Ebene hat zum Aufbau und Ausbau der <a href=\"https:\/\/www.feelingspractitioner.org\/de\"><strong>Feelings Practitioner<\/strong> <\/a>Arbeit gef\u00fchrt. Wir bieten daher das neue Trainingsformat <a href=\"https:\/\/www.feelingspractitioner.org\/de\/trainings\"><strong>Healing \u221e Evolution<\/strong><\/a> an. Es basiert auf den Inhalten des Expand The Box Trainings und legt besonderen Wert auf Verk\u00f6rperung.<\/p>\n<p><!--<b><span data-mce-type=\"bookmark\" style=\"display: inline-block; width: 0px; overflow: hidden; line-height: 0;\" class=\"mce_SELRES_start\"><\/span>5. - 8. Oktober 2023 <\/b>(Donnerstagabend 18 h - Sonntagabend 18 h)<strong> im G\u00e4stehaus, 84570 Lenzwald\/Polling\n<\/strong>(\u00dc\/V: 265 \u20ac im EZ; 250 \u20ac im DZ; 235 \u20ac im MBZ)\n\n<a class=\"button btn btn-default lowercase\" href=\"https:\/\/www.aufbruch-trainings.de\/en\/seminar-anmeldung\/\">Online anmelden<\/a>--><\/p>\n","protected":false},"excerpt":{"rendered":"<p>Expand The Box Training Das mehrt\u00e4gige Training erweitert deinen Blick auf dich selbst, deine Beziehungen, Denk- und Handlungsweisen. Es vermittelt eine Vielzahl von neuen Unterscheidungen und Werkzeugen f\u00fcr das menschliche Miteinander. Als berufliche Weiterbildung ist das Training besonders geeignet f\u00fcr P\u00e4dagogen, Menschen in sozialen Berufen, F\u00fchrungskr\u00e4fte und Teamleiter. Theorie und praktische \u00dcbungen gehen dabei Hand [&hellip;]<\/p>\n","protected":false},"author":5,"featured_media":0,"parent":0,"menu_order":0,"comment_status":"closed","ping_status":"closed","template":"page.php","meta":{"footnotes":""},"class_list":["post-10369","page","type-page","status-publish","hentry"],"yoast_head":"<!-- This site is optimized with the Yoast SEO plugin v27.1.1 - https:\/\/yoast.com\/product\/yoast-seo-wordpress\/ -->\n<title>Expand The Box, Possibility Management, M\u00fcnchen - Aufbruch Trainings<\/title>\n<meta name=\"description\" content=\"Possibility Management Training - das mehrt\u00e4gige Seminar erweitert den Blick auf uns selbst, unsere Beziehungen, Denk- und Handlungsweisen.\" \/>\n<meta name=\"robots\" content=\"index, follow, max-snippet:-1, max-image-preview:large, max-video-preview:-1\" \/>\n<link rel=\"canonical\" href=\"https:\/\/www.aufbruch-trainings.de\/en\/expand-the-box-possibility-management\/\" \/>\n<meta property=\"og:locale\" content=\"en_US\" \/>\n<meta property=\"og:type\" content=\"article\" \/>\n<meta property=\"og:title\" content=\"Expand The Box, Possibility Management, M\u00fcnchen - Aufbruch Trainings\" \/>\n<meta property=\"og:description\" content=\"Possibility Management Training - das mehrt\u00e4gige Seminar erweitert den Blick auf uns selbst, unsere Beziehungen, Denk- und Handlungsweisen.\" \/>\n<meta property=\"og:url\" content=\"https:\/\/www.aufbruch-trainings.de\/en\/expand-the-box-possibility-management\/\" \/>\n<meta property=\"og:site_name\" content=\"Aufbruch Trainings\" \/>\n<meta property=\"article:modified_time\" content=\"2026-01-31T11:50:19+00:00\" \/>\n<meta name=\"twitter:card\" content=\"summary_large_image\" \/>\n<meta name=\"twitter:label1\" content=\"Est. reading time\" \/>\n\t<meta name=\"twitter:data1\" content=\"2 minutes\" \/>\n<script type=\"application\/ld+json\" class=\"yoast-schema-graph\">{\"@context\":\"https:\/\/schema.org\",\"@graph\":[{\"@type\":\"WebPage\",\"@id\":\"https:\/\/www.aufbruch-trainings.de\/en\/expand-the-box-possibility-management\/\",\"url\":\"https:\/\/www.aufbruch-trainings.de\/en\/expand-the-box-possibility-management\/\",\"name\":\"Expand The Box, Possibility Management, M\u00fcnchen - Aufbruch Trainings\",\"isPartOf\":{\"@id\":\"https:\/\/www.aufbruch-trainings.de\/en\/#website\"},\"primaryImageOfPage\":{\"@id\":\"https:\/\/www.aufbruch-trainings.de\/en\/expand-the-box-possibility-management\/#primaryimage\"},\"image\":{\"@id\":\"https:\/\/www.aufbruch-trainings.de\/en\/expand-the-box-possibility-management\/#primaryimage\"},\"thumbnailUrl\":\"https:\/\/www.aufbruch-trainings.de\/wp-content\/uploads\/Possible-Kompass.jpg\",\"datePublished\":\"2013-11-29T09:35:33+00:00\",\"dateModified\":\"2026-01-31T11:50:19+00:00\",\"description\":\"Possibility Management Training - das mehrt\u00e4gige Seminar erweitert den Blick auf uns selbst, unsere Beziehungen, Denk- und Handlungsweisen.\",\"inLanguage\":\"en-US\",\"potentialAction\":[{\"@type\":\"ReadAction\",\"target\":[\"https:\/\/www.aufbruch-trainings.de\/en\/expand-the-box-possibility-management\/\"]}]},{\"@type\":\"ImageObject\",\"inLanguage\":\"en-US\",\"@id\":\"https:\/\/www.aufbruch-trainings.de\/en\/expand-the-box-possibility-management\/#primaryimage\",\"url\":\"https:\/\/www.aufbruch-trainings.de\/wp-content\/uploads\/Possible-Kompass.jpg\",\"contentUrl\":\"https:\/\/www.aufbruch-trainings.de\/wp-content\/uploads\/Possible-Kompass.jpg\"},{\"@type\":\"WebSite\",\"@id\":\"https:\/\/www.aufbruch-trainings.de\/en\/#website\",\"url\":\"https:\/\/www.aufbruch-trainings.de\/en\/\",\"name\":\"Aufbruch Trainings\",\"description\":\"empowering people | possibility management | expand the box | coaching\",\"potentialAction\":[{\"@type\":\"SearchAction\",\"target\":{\"@type\":\"EntryPoint\",\"urlTemplate\":\"https:\/\/www.aufbruch-trainings.de\/en\/?s={search_term_string}\"},\"query-input\":{\"@type\":\"PropertyValueSpecification\",\"valueRequired\":true,\"valueName\":\"search_term_string\"}}],\"inLanguage\":\"en-US\"}]}<\/script>\n<!-- \/ Yoast SEO plugin. -->","yoast_head_json":{"title":"Expand The Box, Possibility Management, M\u00fcnchen - Aufbruch Trainings","description":"Possibility Management Training - das mehrt\u00e4gige Seminar erweitert den Blick auf uns selbst, unsere Beziehungen, Denk- und Handlungsweisen.","robots":{"index":"index","follow":"follow","max-snippet":"max-snippet:-1","max-image-preview":"max-image-preview:large","max-video-preview":"max-video-preview:-1"},"canonical":"https:\/\/www.aufbruch-trainings.de\/en\/expand-the-box-possibility-management\/","og_locale":"en_US","og_type":"article","og_title":"Expand The Box, Possibility Management, M\u00fcnchen - Aufbruch Trainings","og_description":"Possibility Management Training - das mehrt\u00e4gige Seminar erweitert den Blick auf uns selbst, unsere Beziehungen, Denk- und Handlungsweisen.","og_url":"https:\/\/www.aufbruch-trainings.de\/en\/expand-the-box-possibility-management\/","og_site_name":"Aufbruch Trainings","article_modified_time":"2026-01-31T11:50:19+00:00","twitter_card":"summary_large_image","twitter_misc":{"Est. reading time":"2 minutes"},"schema":{"@context":"https:\/\/schema.org","@graph":[{"@type":"WebPage","@id":"https:\/\/www.aufbruch-trainings.de\/en\/expand-the-box-possibility-management\/","url":"https:\/\/www.aufbruch-trainings.de\/en\/expand-the-box-possibility-management\/","name":"Expand The Box, Possibility Management, M\u00fcnchen - Aufbruch Trainings","isPartOf":{"@id":"https:\/\/www.aufbruch-trainings.de\/en\/#website"},"primaryImageOfPage":{"@id":"https:\/\/www.aufbruch-trainings.de\/en\/expand-the-box-possibility-management\/#primaryimage"},"image":{"@id":"https:\/\/www.aufbruch-trainings.de\/en\/expand-the-box-possibility-management\/#primaryimage"},"thumbnailUrl":"https:\/\/www.aufbruch-trainings.de\/wp-content\/uploads\/Possible-Kompass.jpg","datePublished":"2013-11-29T09:35:33+00:00","dateModified":"2026-01-31T11:50:19+00:00","description":"Possibility Management Training - das mehrt\u00e4gige Seminar erweitert den Blick auf uns selbst, unsere Beziehungen, Denk- und Handlungsweisen.","inLanguage":"en-US","potentialAction":[{"@type":"ReadAction","target":["https:\/\/www.aufbruch-trainings.de\/en\/expand-the-box-possibility-management\/"]}]},{"@type":"ImageObject","inLanguage":"en-US","@id":"https:\/\/www.aufbruch-trainings.de\/en\/expand-the-box-possibility-management\/#primaryimage","url":"https:\/\/www.aufbruch-trainings.de\/wp-content\/uploads\/Possible-Kompass.jpg","contentUrl":"https:\/\/www.aufbruch-trainings.de\/wp-content\/uploads\/Possible-Kompass.jpg"},{"@type":"WebSite","@id":"https:\/\/www.aufbruch-trainings.de\/en\/#website","url":"https:\/\/www.aufbruch-trainings.de\/en\/","name":"Aufbruch Trainings","description":"empowering people | possibility management | expand the box | coaching","potentialAction":[{"@type":"SearchAction","target":{"@type":"EntryPoint","urlTemplate":"https:\/\/www.aufbruch-trainings.de\/en\/?s={search_term_string}"},"query-input":{"@type":"PropertyValueSpecification","valueRequired":true,"valueName":"search_term_string"}}],"inLanguage":"en-US"}]}},"_links":{"self":[{"href":"https:\/\/www.aufbruch-trainings.de\/en\/wp-json\/wp\/v2\/pages\/10369","targetHints":{"allow":["GET"]}}],"collection":[{"href":"https:\/\/www.aufbruch-trainings.de\/en\/wp-json\/wp\/v2\/pages"}],"about":[{"href":"https:\/\/www.aufbruch-trainings.de\/en\/wp-json\/wp\/v2\/types\/page"}],"author":[{"embeddable":true,"href":"https:\/\/www.aufbruch-trainings.de\/en\/wp-json\/wp\/v2\/users\/5"}],"replies":[{"embeddable":true,"href":"https:\/\/www.aufbruch-trainings.de\/en\/wp-json\/wp\/v2\/comments?post=10369"}],"version-history":[{"count":10,"href":"https:\/\/www.aufbruch-trainings.de\/en\/wp-json\/wp\/v2\/pages\/10369\/revisions"}],"predecessor-version":[{"id":10600,"href":"https:\/\/www.aufbruch-trainings.de\/en\/wp-json\/wp\/v2\/pages\/10369\/revisions\/10600"}],"wp:attachment":[{"href":"https:\/\/www.aufbruch-trainings.de\/en\/wp-json\/wp\/v2\/media?parent=10369"}],"curies":[{"name":"wp","href":"https:\/\/api.w.org\/{rel}","templated":true}]}}