{"id":10368,"date":"2013-11-29T11:16:26","date_gmt":"2013-11-29T09:16:26","guid":{"rendered":"https:\/\/www.aufbruch-trainings.de\/paar-coaching\/"},"modified":"2013-11-29T11:16:26","modified_gmt":"2013-11-29T09:16:26","slug":"paar-coaching","status":"publish","type":"page","link":"https:\/\/www.aufbruch-trainings.de\/en\/paar-coaching\/","title":{"rendered":"Paar-Coaching"},"content":{"rendered":"<h1><strong>Aufbruch f\u00fcr Paare<\/strong><\/h1>\n<p><img decoding=\"async\" class=\"col-md-7 alignright size-full wp-image-75\" src=\"https:\/\/www.aufbruch-trainings.de\/wp-content\/uploads\/Paar-Wiese.jpg\" alt=\"Bild Paar auf einer Wiese\" width=\"100%\" \/>Der Sehnsucht nach mehr Tiefe, N\u00e4he und Innigkeit Raum geben. Neue Perspektiven erforschen, gelassen mit den Macken des anderen umgehen, eigene Bed\u00fcrfnisse kundtun und die des anderen respektieren.<\/p>\n<p>\u201eWir\u201c? Was oder wo ist das \u00fcberhaupt? Wollen wir zusammenfinden oder auseinander gehen?<\/p>\n<p>Als Trainerpaar halten wir Raum f\u00fcr andere Paare.<\/p>\n<p><strong>Vorhandenes sehen:<\/strong> Wo steht jeder? Was funktioniert, was nicht? Unterscheiden was war und was jetzt ist, bringt Klarheit.<br \/>\n<strong>Verborgenes aufdecken:<\/strong> Was will ich, was willst du eigentlich? Was versteckt sich hinter dem Reibungspunkt? Alte Entscheidungen und Muster zeigen sich, die mit dem Partner oft nichts zu tun haben.<br \/>\n<strong>M\u00f6glichkeiten erschaffen:<\/strong> Was ist stattdessen m\u00f6glich? Neue Entscheidungen er\u00f6ffnen Spielraum f\u00fcr echten Kontakt. Wir vermitteln Werkzeuge f\u00fcr ein kreatives Erkunden des Miteinander: Partnerschaft als au\u00dfergew\u00f6hnlicher Raum im Jetzt.<\/p>\n<hr \/>\n<p>Ersttermin ca. 2-2,5 Std. 250,&#8211; inkl. USt., weiterer Rahmen nach individueller Vereinbarung<\/p>\n","protected":false},"excerpt":{"rendered":"<p>Aufbruch f\u00fcr Paare Der Sehnsucht nach mehr Tiefe, N\u00e4he und Innigkeit Raum geben. Neue Perspektiven erforschen, gelassen mit den Macken des anderen umgehen, eigene Bed\u00fcrfnisse kundtun und die des anderen respektieren. \u201eWir\u201c? Was oder wo ist das \u00fcberhaupt? Wollen wir zusammenfinden oder auseinander gehen? Als Trainerpaar halten wir Raum f\u00fcr andere Paare. Vorhandenes sehen: Wo [&hellip;]<\/p>\n","protected":false},"author":5,"featured_media":0,"parent":0,"menu_order":0,"comment_status":"open","ping_status":"closed","template":"page.php","meta":{"footnotes":""},"class_list":["post-10368","page","type-page","status-publish","hentry"],"yoast_head":"<!-- This site is optimized with the Yoast SEO plugin v27.1.1 - https:\/\/yoast.com\/product\/yoast-seo-wordpress\/ -->\n<title>Paar-Coaching | Aufbruch Trainings<\/title>\n<meta name=\"robots\" content=\"index, follow, max-snippet:-1, max-image-preview:large, max-video-preview:-1\" \/>\n<link rel=\"canonical\" href=\"https:\/\/www.aufbruch-trainings.de\/en\/paar-coaching\/\" \/>\n<meta property=\"og:locale\" content=\"en_US\" \/>\n<meta property=\"og:type\" content=\"article\" \/>\n<meta property=\"og:title\" content=\"Paar-Coaching | Aufbruch Trainings\" \/>\n<meta property=\"og:description\" content=\"Aufbruch f\u00fcr Paare Der Sehnsucht nach mehr Tiefe, N\u00e4he und Innigkeit Raum geben. Neue Perspektiven erforschen, gelassen mit den Macken des anderen umgehen, eigene Bed\u00fcrfnisse kundtun und die des anderen respektieren. \u201eWir\u201c? Was oder wo ist das \u00fcberhaupt? Wollen wir zusammenfinden oder auseinander gehen? Als Trainerpaar halten wir Raum f\u00fcr andere Paare. Vorhandenes sehen: Wo [&hellip;]\" \/>\n<meta property=\"og:url\" content=\"https:\/\/www.aufbruch-trainings.de\/en\/paar-coaching\/\" \/>\n<meta property=\"og:site_name\" content=\"Aufbruch Trainings\" \/>\n<meta property=\"og:image\" content=\"https:\/\/www.aufbruch-trainings.de\/wp-content\/uploads\/Paar-Wiese.jpg\" \/>\n<meta name=\"twitter:card\" content=\"summary_large_image\" \/>\n<meta name=\"twitter:label1\" content=\"Est. reading time\" \/>\n\t<meta name=\"twitter:data1\" content=\"1 minute\" \/>\n<script type=\"application\/ld+json\" class=\"yoast-schema-graph\">{\"@context\":\"https:\/\/schema.org\",\"@graph\":[{\"@type\":\"WebPage\",\"@id\":\"https:\/\/www.aufbruch-trainings.de\/en\/paar-coaching\/\",\"url\":\"https:\/\/www.aufbruch-trainings.de\/en\/paar-coaching\/\",\"name\":\"Paar-Coaching | Aufbruch Trainings\",\"isPartOf\":{\"@id\":\"https:\/\/www.aufbruch-trainings.de\/en\/#website\"},\"primaryImageOfPage\":{\"@id\":\"https:\/\/www.aufbruch-trainings.de\/en\/paar-coaching\/#primaryimage\"},\"image\":{\"@id\":\"https:\/\/www.aufbruch-trainings.de\/en\/paar-coaching\/#primaryimage\"},\"thumbnailUrl\":\"https:\/\/www.aufbruch-trainings.de\/wp-content\/uploads\/Paar-Wiese.jpg\",\"datePublished\":\"2013-11-29T09:16:26+00:00\",\"inLanguage\":\"en-US\",\"potentialAction\":[{\"@type\":\"ReadAction\",\"target\":[\"https:\/\/www.aufbruch-trainings.de\/en\/paar-coaching\/\"]}]},{\"@type\":\"ImageObject\",\"inLanguage\":\"en-US\",\"@id\":\"https:\/\/www.aufbruch-trainings.de\/en\/paar-coaching\/#primaryimage\",\"url\":\"https:\/\/www.aufbruch-trainings.de\/wp-content\/uploads\/Paar-Wiese.jpg\",\"contentUrl\":\"https:\/\/www.aufbruch-trainings.de\/wp-content\/uploads\/Paar-Wiese.jpg\"},{\"@type\":\"WebSite\",\"@id\":\"https:\/\/www.aufbruch-trainings.de\/en\/#website\",\"url\":\"https:\/\/www.aufbruch-trainings.de\/en\/\",\"name\":\"Aufbruch Trainings\",\"description\":\"empowering people | possibility management | expand the box | coaching\",\"potentialAction\":[{\"@type\":\"SearchAction\",\"target\":{\"@type\":\"EntryPoint\",\"urlTemplate\":\"https:\/\/www.aufbruch-trainings.de\/en\/?s={search_term_string}\"},\"query-input\":{\"@type\":\"PropertyValueSpecification\",\"valueRequired\":true,\"valueName\":\"search_term_string\"}}],\"inLanguage\":\"en-US\"}]}<\/script>\n<!-- \/ Yoast SEO plugin. -->","yoast_head_json":{"title":"Paar-Coaching | Aufbruch Trainings","robots":{"index":"index","follow":"follow","max-snippet":"max-snippet:-1","max-image-preview":"max-image-preview:large","max-video-preview":"max-video-preview:-1"},"canonical":"https:\/\/www.aufbruch-trainings.de\/en\/paar-coaching\/","og_locale":"en_US","og_type":"article","og_title":"Paar-Coaching | Aufbruch Trainings","og_description":"Aufbruch f\u00fcr Paare Der Sehnsucht nach mehr Tiefe, N\u00e4he und Innigkeit Raum geben. Neue Perspektiven erforschen, gelassen mit den Macken des anderen umgehen, eigene Bed\u00fcrfnisse kundtun und die des anderen respektieren. \u201eWir\u201c? Was oder wo ist das \u00fcberhaupt? Wollen wir zusammenfinden oder auseinander gehen? Als Trainerpaar halten wir Raum f\u00fcr andere Paare. Vorhandenes sehen: Wo [&hellip;]","og_url":"https:\/\/www.aufbruch-trainings.de\/en\/paar-coaching\/","og_site_name":"Aufbruch Trainings","og_image":[{"url":"https:\/\/www.aufbruch-trainings.de\/wp-content\/uploads\/Paar-Wiese.jpg","type":"","width":"","height":""}],"twitter_card":"summary_large_image","twitter_misc":{"Est. reading time":"1 minute"},"schema":{"@context":"https:\/\/schema.org","@graph":[{"@type":"WebPage","@id":"https:\/\/www.aufbruch-trainings.de\/en\/paar-coaching\/","url":"https:\/\/www.aufbruch-trainings.de\/en\/paar-coaching\/","name":"Paar-Coaching | Aufbruch Trainings","isPartOf":{"@id":"https:\/\/www.aufbruch-trainings.de\/en\/#website"},"primaryImageOfPage":{"@id":"https:\/\/www.aufbruch-trainings.de\/en\/paar-coaching\/#primaryimage"},"image":{"@id":"https:\/\/www.aufbruch-trainings.de\/en\/paar-coaching\/#primaryimage"},"thumbnailUrl":"https:\/\/www.aufbruch-trainings.de\/wp-content\/uploads\/Paar-Wiese.jpg","datePublished":"2013-11-29T09:16:26+00:00","inLanguage":"en-US","potentialAction":[{"@type":"ReadAction","target":["https:\/\/www.aufbruch-trainings.de\/en\/paar-coaching\/"]}]},{"@type":"ImageObject","inLanguage":"en-US","@id":"https:\/\/www.aufbruch-trainings.de\/en\/paar-coaching\/#primaryimage","url":"https:\/\/www.aufbruch-trainings.de\/wp-content\/uploads\/Paar-Wiese.jpg","contentUrl":"https:\/\/www.aufbruch-trainings.de\/wp-content\/uploads\/Paar-Wiese.jpg"},{"@type":"WebSite","@id":"https:\/\/www.aufbruch-trainings.de\/en\/#website","url":"https:\/\/www.aufbruch-trainings.de\/en\/","name":"Aufbruch Trainings","description":"empowering people | possibility management | expand the box | coaching","potentialAction":[{"@type":"SearchAction","target":{"@type":"EntryPoint","urlTemplate":"https:\/\/www.aufbruch-trainings.de\/en\/?s={search_term_string}"},"query-input":{"@type":"PropertyValueSpecification","valueRequired":true,"valueName":"search_term_string"}}],"inLanguage":"en-US"}]}},"_links":{"self":[{"href":"https:\/\/www.aufbruch-trainings.de\/en\/wp-json\/wp\/v2\/pages\/10368","targetHints":{"allow":["GET"]}}],"collection":[{"href":"https:\/\/www.aufbruch-trainings.de\/en\/wp-json\/wp\/v2\/pages"}],"about":[{"href":"https:\/\/www.aufbruch-trainings.de\/en\/wp-json\/wp\/v2\/types\/page"}],"author":[{"embeddable":true,"href":"https:\/\/www.aufbruch-trainings.de\/en\/wp-json\/wp\/v2\/users\/5"}],"replies":[{"embeddable":true,"href":"https:\/\/www.aufbruch-trainings.de\/en\/wp-json\/wp\/v2\/comments?post=10368"}],"version-history":[{"count":0,"href":"https:\/\/www.aufbruch-trainings.de\/en\/wp-json\/wp\/v2\/pages\/10368\/revisions"}],"wp:attachment":[{"href":"https:\/\/www.aufbruch-trainings.de\/en\/wp-json\/wp\/v2\/media?parent=10368"}],"curies":[{"name":"wp","href":"https:\/\/api.w.org\/{rel}","templated":true}]}}