{"id":10367,"date":"2013-11-29T11:18:51","date_gmt":"2013-11-29T10:18:51","guid":{"rendered":"https:\/\/www.aufbruch-trainings.de\/possibility-coaching\/"},"modified":"2013-11-29T11:18:51","modified_gmt":"2013-11-29T10:18:51","slug":"possibility-coaching","status":"publish","type":"page","link":"https:\/\/www.aufbruch-trainings.de\/en\/possibility-coaching\/","title":{"rendered":"Possibility Coaching"},"content":{"rendered":"<h1><strong>Possibility Coaching f\u00fcr Einzel-Personen und Paare<br \/>\n<\/strong><\/h1>\n<p><strong><img decoding=\"async\" class=\"col-md-6 alignright wp-image-705\" src=\"https:\/\/www.aufbruch-trainings.de\/wp-content\/uploads\/AufbruchSolo_68478856-e1424284439668.jpg\" alt=\"AufbruchSolo_68478856\" width=\"100%\" \/>Was bewegt sich in dir und m\u00f6chte Ausdruck? <\/strong><\/p>\n<p>Possibility Coaching erlaubt dir Entfaltung neuer M\u00f6glichkeiten im sicheren Raum. Dort kann sich das ausdr\u00fccken, was vielleicht lange geschlummert hat. Einer von uns Trainern (bzw. bei Paaren beide) unterst\u00fctzt dich, entschlossen den n\u00e4chsten Schritt zu gehen: Endlich das sagen, was schon lange gesagt werden wollte. Schluss machen mit Verwirrung, Hin und Her, Unterdr\u00fcckung von Gef\u00fchlen, Taubheit\u2026<\/p>\n<p>Neue Wege finden in Kommunikation, Zuh\u00f6ren, Sprechen, Grenzen setzen und das eigene bzw. das gemeinsame Leben aktiv und vertrauensvoll gestalten.<\/p>\n<p>Das eigene Zentrum bei sich und mitten im Leben haben ist heilsam. Es bringt Orientierung, Klarheit, Fluss, Spielraum und Handlungsf\u00e4higkeit. Wir sind f\u00fcr dich, f\u00fcr euch da!<\/p>\n<hr \/>\n<p><em><strong>Einzel-Coaching<\/strong> mit einem Trainer &#8211; Honorar pro Stunde 130,&#8211; \u20ac inkl. Ust.<br \/>\n<strong>Paar-Coaching<\/strong> mit zwei Trainern &#8211; Honorar f\u00fcr 1,5 Stunden 320,&#8211; \u20ac inkl. Ust.<\/em><\/p>\n","protected":false},"excerpt":{"rendered":"<p>Possibility Coaching f\u00fcr Einzel-Personen und Paare Was bewegt sich in dir und m\u00f6chte Ausdruck? Possibility Coaching erlaubt dir Entfaltung neuer M\u00f6glichkeiten im sicheren Raum. Dort kann sich das ausdr\u00fccken, was vielleicht lange geschlummert hat. Einer von uns Trainern (bzw. bei Paaren beide) unterst\u00fctzt dich, entschlossen den n\u00e4chsten Schritt zu gehen: Endlich das sagen, was schon [&hellip;]<\/p>\n","protected":false},"author":5,"featured_media":0,"parent":0,"menu_order":0,"comment_status":"closed","ping_status":"closed","template":"page.php","meta":{"footnotes":""},"class_list":["post-10367","page","type-page","status-publish","hentry"],"yoast_head":"<!-- This site is optimized with the Yoast SEO plugin v27.6 - https:\/\/yoast.com\/product\/yoast-seo-wordpress\/ -->\n<title>Possibility Coaching | Aufbruch Trainings<\/title>\n<meta name=\"robots\" content=\"index, follow, max-snippet:-1, max-image-preview:large, max-video-preview:-1\" \/>\n<link rel=\"canonical\" href=\"https:\/\/www.aufbruch-trainings.de\/en\/possibility-coaching\/\" \/>\n<meta property=\"og:locale\" content=\"en_US\" \/>\n<meta property=\"og:type\" content=\"article\" \/>\n<meta property=\"og:title\" content=\"Possibility Coaching | Aufbruch Trainings\" \/>\n<meta property=\"og:description\" content=\"Possibility Coaching f\u00fcr Einzel-Personen und Paare Was bewegt sich in dir und m\u00f6chte Ausdruck? Possibility Coaching erlaubt dir Entfaltung neuer M\u00f6glichkeiten im sicheren Raum. Dort kann sich das ausdr\u00fccken, was vielleicht lange geschlummert hat. Einer von uns Trainern (bzw. bei Paaren beide) unterst\u00fctzt dich, entschlossen den n\u00e4chsten Schritt zu gehen: Endlich das sagen, was schon [&hellip;]\" \/>\n<meta property=\"og:url\" content=\"https:\/\/www.aufbruch-trainings.de\/en\/possibility-coaching\/\" \/>\n<meta property=\"og:site_name\" content=\"Aufbruch Trainings\" \/>\n<meta property=\"og:image\" content=\"https:\/\/www.aufbruch-trainings.de\/wp-content\/uploads\/AufbruchSolo_68478856-e1424284439668.jpg\" \/>\n<meta name=\"twitter:card\" content=\"summary_large_image\" \/>\n<meta name=\"twitter:label1\" content=\"Est. reading time\" \/>\n\t<meta name=\"twitter:data1\" content=\"1 minute\" \/>\n<script type=\"application\/ld+json\" class=\"yoast-schema-graph\">{\"@context\":\"https:\\\/\\\/schema.org\",\"@graph\":[{\"@type\":\"WebPage\",\"@id\":\"https:\\\/\\\/www.aufbruch-trainings.de\\\/en\\\/possibility-coaching\\\/\",\"url\":\"https:\\\/\\\/www.aufbruch-trainings.de\\\/en\\\/possibility-coaching\\\/\",\"name\":\"Possibility Coaching | Aufbruch Trainings\",\"isPartOf\":{\"@id\":\"https:\\\/\\\/www.aufbruch-trainings.de\\\/en\\\/#website\"},\"primaryImageOfPage\":{\"@id\":\"https:\\\/\\\/www.aufbruch-trainings.de\\\/en\\\/possibility-coaching\\\/#primaryimage\"},\"image\":{\"@id\":\"https:\\\/\\\/www.aufbruch-trainings.de\\\/en\\\/possibility-coaching\\\/#primaryimage\"},\"thumbnailUrl\":\"https:\\\/\\\/www.aufbruch-trainings.de\\\/wp-content\\\/uploads\\\/AufbruchSolo_68478856-e1424284439668.jpg\",\"datePublished\":\"2013-11-29T10:18:51+00:00\",\"inLanguage\":\"en-US\",\"potentialAction\":[{\"@type\":\"ReadAction\",\"target\":[\"https:\\\/\\\/www.aufbruch-trainings.de\\\/en\\\/possibility-coaching\\\/\"]}]},{\"@type\":\"ImageObject\",\"inLanguage\":\"en-US\",\"@id\":\"https:\\\/\\\/www.aufbruch-trainings.de\\\/en\\\/possibility-coaching\\\/#primaryimage\",\"url\":\"https:\\\/\\\/www.aufbruch-trainings.de\\\/wp-content\\\/uploads\\\/AufbruchSolo_68478856-e1424284439668.jpg\",\"contentUrl\":\"https:\\\/\\\/www.aufbruch-trainings.de\\\/wp-content\\\/uploads\\\/AufbruchSolo_68478856-e1424284439668.jpg\"},{\"@type\":\"WebSite\",\"@id\":\"https:\\\/\\\/www.aufbruch-trainings.de\\\/en\\\/#website\",\"url\":\"https:\\\/\\\/www.aufbruch-trainings.de\\\/en\\\/\",\"name\":\"Aufbruch Trainings\",\"description\":\"empowering people | possibility management | expand the box | coaching\",\"potentialAction\":[{\"@type\":\"SearchAction\",\"target\":{\"@type\":\"EntryPoint\",\"urlTemplate\":\"https:\\\/\\\/www.aufbruch-trainings.de\\\/en\\\/?s={search_term_string}\"},\"query-input\":{\"@type\":\"PropertyValueSpecification\",\"valueRequired\":true,\"valueName\":\"search_term_string\"}}],\"inLanguage\":\"en-US\"}]}<\/script>\n<!-- \/ Yoast SEO plugin. -->","yoast_head_json":{"title":"Possibility Coaching | Aufbruch Trainings","robots":{"index":"index","follow":"follow","max-snippet":"max-snippet:-1","max-image-preview":"max-image-preview:large","max-video-preview":"max-video-preview:-1"},"canonical":"https:\/\/www.aufbruch-trainings.de\/en\/possibility-coaching\/","og_locale":"en_US","og_type":"article","og_title":"Possibility Coaching | Aufbruch Trainings","og_description":"Possibility Coaching f\u00fcr Einzel-Personen und Paare Was bewegt sich in dir und m\u00f6chte Ausdruck? Possibility Coaching erlaubt dir Entfaltung neuer M\u00f6glichkeiten im sicheren Raum. Dort kann sich das ausdr\u00fccken, was vielleicht lange geschlummert hat. Einer von uns Trainern (bzw. bei Paaren beide) unterst\u00fctzt dich, entschlossen den n\u00e4chsten Schritt zu gehen: Endlich das sagen, was schon [&hellip;]","og_url":"https:\/\/www.aufbruch-trainings.de\/en\/possibility-coaching\/","og_site_name":"Aufbruch Trainings","og_image":[{"url":"https:\/\/www.aufbruch-trainings.de\/wp-content\/uploads\/AufbruchSolo_68478856-e1424284439668.jpg","type":"","width":"","height":""}],"twitter_card":"summary_large_image","twitter_misc":{"Est. reading time":"1 minute"},"schema":{"@context":"https:\/\/schema.org","@graph":[{"@type":"WebPage","@id":"https:\/\/www.aufbruch-trainings.de\/en\/possibility-coaching\/","url":"https:\/\/www.aufbruch-trainings.de\/en\/possibility-coaching\/","name":"Possibility Coaching | Aufbruch Trainings","isPartOf":{"@id":"https:\/\/www.aufbruch-trainings.de\/en\/#website"},"primaryImageOfPage":{"@id":"https:\/\/www.aufbruch-trainings.de\/en\/possibility-coaching\/#primaryimage"},"image":{"@id":"https:\/\/www.aufbruch-trainings.de\/en\/possibility-coaching\/#primaryimage"},"thumbnailUrl":"https:\/\/www.aufbruch-trainings.de\/wp-content\/uploads\/AufbruchSolo_68478856-e1424284439668.jpg","datePublished":"2013-11-29T10:18:51+00:00","inLanguage":"en-US","potentialAction":[{"@type":"ReadAction","target":["https:\/\/www.aufbruch-trainings.de\/en\/possibility-coaching\/"]}]},{"@type":"ImageObject","inLanguage":"en-US","@id":"https:\/\/www.aufbruch-trainings.de\/en\/possibility-coaching\/#primaryimage","url":"https:\/\/www.aufbruch-trainings.de\/wp-content\/uploads\/AufbruchSolo_68478856-e1424284439668.jpg","contentUrl":"https:\/\/www.aufbruch-trainings.de\/wp-content\/uploads\/AufbruchSolo_68478856-e1424284439668.jpg"},{"@type":"WebSite","@id":"https:\/\/www.aufbruch-trainings.de\/en\/#website","url":"https:\/\/www.aufbruch-trainings.de\/en\/","name":"Aufbruch Trainings","description":"empowering people | possibility management | expand the box | coaching","potentialAction":[{"@type":"SearchAction","target":{"@type":"EntryPoint","urlTemplate":"https:\/\/www.aufbruch-trainings.de\/en\/?s={search_term_string}"},"query-input":{"@type":"PropertyValueSpecification","valueRequired":true,"valueName":"search_term_string"}}],"inLanguage":"en-US"}]}},"_links":{"self":[{"href":"https:\/\/www.aufbruch-trainings.de\/en\/wp-json\/wp\/v2\/pages\/10367","targetHints":{"allow":["GET"]}}],"collection":[{"href":"https:\/\/www.aufbruch-trainings.de\/en\/wp-json\/wp\/v2\/pages"}],"about":[{"href":"https:\/\/www.aufbruch-trainings.de\/en\/wp-json\/wp\/v2\/types\/page"}],"author":[{"embeddable":true,"href":"https:\/\/www.aufbruch-trainings.de\/en\/wp-json\/wp\/v2\/users\/5"}],"replies":[{"embeddable":true,"href":"https:\/\/www.aufbruch-trainings.de\/en\/wp-json\/wp\/v2\/comments?post=10367"}],"version-history":[{"count":0,"href":"https:\/\/www.aufbruch-trainings.de\/en\/wp-json\/wp\/v2\/pages\/10367\/revisions"}],"wp:attachment":[{"href":"https:\/\/www.aufbruch-trainings.de\/en\/wp-json\/wp\/v2\/media?parent=10367"}],"curies":[{"name":"wp","href":"https:\/\/api.w.org\/{rel}","templated":true}]}}