{"id":10366,"date":"2013-11-29T11:23:19","date_gmt":"2013-11-29T09:23:19","guid":{"rendered":"https:\/\/www.aufbruch-trainings.de\/dagmar-thuernagel-samoto-michael-hallinger\/"},"modified":"2013-11-29T11:23:19","modified_gmt":"2013-11-29T09:23:19","slug":"dagmar-thuernagel-samoto-michael-hallinger","status":"publish","type":"page","link":"https:\/\/www.aufbruch-trainings.de\/en\/dagmar-thuernagel-samoto-michael-hallinger\/","title":{"rendered":"Dagmar Th\u00fcrnagel und Samoto Michael Hallinger, Possibility Management Trainer"},"content":{"rendered":"<h1>Dagmar Th\u00fcrnagel &amp; Samoto Michael Hallinger<\/h1>\n<h2>Possibility Management Trainer &amp; Feelings Practitioner<\/h2>\n<p><img loading=\"lazy\" decoding=\"async\" class=\" wp-image-3415 alignleft\" src=\"https:\/\/www.aufbruch-trainings.de\/wp-content\/uploads\/2020\/09\/2019_09_03_FeelingsPractitioner_0350-300x209.jpeg\" alt=\"\" width=\"729\" height=\"508\" srcset=\"https:\/\/www.aufbruch-trainings.de\/wp-content\/uploads\/2020\/09\/2019_09_03_FeelingsPractitioner_0350-300x209.jpeg 300w, https:\/\/www.aufbruch-trainings.de\/wp-content\/uploads\/2020\/09\/2019_09_03_FeelingsPractitioner_0350-768x534.jpeg 768w, https:\/\/www.aufbruch-trainings.de\/wp-content\/uploads\/2020\/09\/2019_09_03_FeelingsPractitioner_0350-1024x712.jpeg 1024w, https:\/\/www.aufbruch-trainings.de\/wp-content\/uploads\/2020\/09\/2019_09_03_FeelingsPractitioner_0350.jpeg 1289w\" sizes=\"auto, (max-width: 729px) 100vw, 729px\" \/><\/p>\n<p><strong><br \/>\nUnsere Arbeit ist getragen von Liebe, Lebendigkeit, Klarheit und einer gemeinsamen Leidenschaft: Menschen dabei zu unterst\u00fctzen und daf\u00fcr zu begeistern, sich an ihre innere Kraft, ihr Feuer und ihre eigene Autorit\u00e4t anzuschlie\u00dfen.<\/strong><\/p>\n<p><strong>Dagmar Th\u00fcrnagel, geb. 1967<\/strong><br \/>\nSeit \u00fcber 20 Jahren arbeite ich als Trainerin f\u00fcr Alexander-Technik. Ich unterst\u00fctze Menschen darin, hinderliche Gewohnheiten in der K\u00f6rperkoordination zu entdecken und Alternativen zu erforschen. Daraus entstehen im Alltag mehr Leichtigkeit und Handlungsspielraum. Das Erschaffen von M\u00f6glichkeiten jenseits der eingefahrenen Muster begeistert mich auch im Possibility Management.<\/p>\n<p><strong>Samoto Michael Hallinger, geb. 1965<\/strong><br \/>\nIch brenne f\u00fcr die Entwicklung des einzelnen und Heilung zum \u201eStimmigen\u201c hin: im Erstberuf Klavierbauer, im Zweitberuf Heilpraktiker und Aikido-Trainer. Daher bezeichne ich mich manchmal als \u201eKlavierfl\u00fcsterer und Menschenstimmer\u201c. Im Possibility Management habe ich jene klaren Unterscheidungen und die Lebensn\u00e4he gefunden, die ich mir f\u00fcr mich selbst und meine Klienten immer gew\u00fcnscht habe.<\/p>\n","protected":false},"excerpt":{"rendered":"<p>Dagmar Th\u00fcrnagel &amp; Samoto Michael Hallinger Possibility Management Trainer &amp; Feelings Practitioner Unsere Arbeit ist getragen von Liebe, Lebendigkeit, Klarheit und einer gemeinsamen Leidenschaft: Menschen dabei zu unterst\u00fctzen und daf\u00fcr zu begeistern, sich an ihre innere Kraft, ihr Feuer und ihre eigene Autorit\u00e4t anzuschlie\u00dfen. Dagmar Th\u00fcrnagel, geb. 1967 Seit \u00fcber 20 Jahren arbeite ich als [&hellip;]<\/p>\n","protected":false},"author":5,"featured_media":0,"parent":0,"menu_order":0,"comment_status":"closed","ping_status":"closed","template":"page.php","meta":{"footnotes":""},"class_list":["post-10366","page","type-page","status-publish","hentry"],"yoast_head":"<!-- This site is optimized with the Yoast SEO plugin v27.6 - https:\/\/yoast.com\/product\/yoast-seo-wordpress\/ -->\n<title>Dagmar Th\u00fcrnagel und Samoto Michael Hallinger, Possibility Management Trainer | Aufbruch Trainings<\/title>\n<meta name=\"robots\" content=\"index, follow, max-snippet:-1, max-image-preview:large, max-video-preview:-1\" \/>\n<link rel=\"canonical\" href=\"https:\/\/www.aufbruch-trainings.de\/en\/dagmar-thuernagel-samoto-michael-hallinger\/\" \/>\n<meta property=\"og:locale\" content=\"en_US\" \/>\n<meta property=\"og:type\" content=\"article\" \/>\n<meta property=\"og:title\" content=\"Dagmar Th\u00fcrnagel und Samoto Michael Hallinger, Possibility Management Trainer | Aufbruch Trainings\" \/>\n<meta property=\"og:description\" content=\"Dagmar Th\u00fcrnagel &amp; Samoto Michael Hallinger Possibility Management Trainer &amp; Feelings Practitioner Unsere Arbeit ist getragen von Liebe, Lebendigkeit, Klarheit und einer gemeinsamen Leidenschaft: Menschen dabei zu unterst\u00fctzen und daf\u00fcr zu begeistern, sich an ihre innere Kraft, ihr Feuer und ihre eigene Autorit\u00e4t anzuschlie\u00dfen. Dagmar Th\u00fcrnagel, geb. 1967 Seit \u00fcber 20 Jahren arbeite ich als [&hellip;]\" \/>\n<meta property=\"og:url\" content=\"https:\/\/www.aufbruch-trainings.de\/en\/dagmar-thuernagel-samoto-michael-hallinger\/\" \/>\n<meta property=\"og:site_name\" content=\"Aufbruch Trainings\" \/>\n<meta property=\"og:image\" content=\"https:\/\/www.aufbruch-trainings.de\/wp-content\/uploads\/2020\/09\/2019_09_03_FeelingsPractitioner_0350-300x209.jpeg\" \/>\n<meta name=\"twitter:card\" content=\"summary_large_image\" \/>\n<meta name=\"twitter:label1\" content=\"Est. reading time\" \/>\n\t<meta name=\"twitter:data1\" content=\"1 minute\" \/>\n<script type=\"application\/ld+json\" class=\"yoast-schema-graph\">{\"@context\":\"https:\\\/\\\/schema.org\",\"@graph\":[{\"@type\":\"WebPage\",\"@id\":\"https:\\\/\\\/www.aufbruch-trainings.de\\\/en\\\/dagmar-thuernagel-samoto-michael-hallinger\\\/\",\"url\":\"https:\\\/\\\/www.aufbruch-trainings.de\\\/en\\\/dagmar-thuernagel-samoto-michael-hallinger\\\/\",\"name\":\"Dagmar Th\u00fcrnagel und Samoto Michael Hallinger, Possibility Management Trainer | Aufbruch Trainings\",\"isPartOf\":{\"@id\":\"https:\\\/\\\/www.aufbruch-trainings.de\\\/en\\\/#website\"},\"primaryImageOfPage\":{\"@id\":\"https:\\\/\\\/www.aufbruch-trainings.de\\\/en\\\/dagmar-thuernagel-samoto-michael-hallinger\\\/#primaryimage\"},\"image\":{\"@id\":\"https:\\\/\\\/www.aufbruch-trainings.de\\\/en\\\/dagmar-thuernagel-samoto-michael-hallinger\\\/#primaryimage\"},\"thumbnailUrl\":\"https:\\\/\\\/www.aufbruch-trainings.de\\\/wp-content\\\/uploads\\\/2020\\\/09\\\/2019_09_03_FeelingsPractitioner_0350-300x209.jpeg\",\"datePublished\":\"2013-11-29T09:23:19+00:00\",\"inLanguage\":\"en-US\",\"potentialAction\":[{\"@type\":\"ReadAction\",\"target\":[\"https:\\\/\\\/www.aufbruch-trainings.de\\\/en\\\/dagmar-thuernagel-samoto-michael-hallinger\\\/\"]}]},{\"@type\":\"ImageObject\",\"inLanguage\":\"en-US\",\"@id\":\"https:\\\/\\\/www.aufbruch-trainings.de\\\/en\\\/dagmar-thuernagel-samoto-michael-hallinger\\\/#primaryimage\",\"url\":\"https:\\\/\\\/www.aufbruch-trainings.de\\\/wp-content\\\/uploads\\\/2020\\\/09\\\/2019_09_03_FeelingsPractitioner_0350-300x209.jpeg\",\"contentUrl\":\"https:\\\/\\\/www.aufbruch-trainings.de\\\/wp-content\\\/uploads\\\/2020\\\/09\\\/2019_09_03_FeelingsPractitioner_0350-300x209.jpeg\"},{\"@type\":\"WebSite\",\"@id\":\"https:\\\/\\\/www.aufbruch-trainings.de\\\/en\\\/#website\",\"url\":\"https:\\\/\\\/www.aufbruch-trainings.de\\\/en\\\/\",\"name\":\"Aufbruch Trainings\",\"description\":\"empowering people | possibility management | expand the box | coaching\",\"potentialAction\":[{\"@type\":\"SearchAction\",\"target\":{\"@type\":\"EntryPoint\",\"urlTemplate\":\"https:\\\/\\\/www.aufbruch-trainings.de\\\/en\\\/?s={search_term_string}\"},\"query-input\":{\"@type\":\"PropertyValueSpecification\",\"valueRequired\":true,\"valueName\":\"search_term_string\"}}],\"inLanguage\":\"en-US\"}]}<\/script>\n<!-- \/ Yoast SEO plugin. -->","yoast_head_json":{"title":"Dagmar Th\u00fcrnagel und Samoto Michael Hallinger, Possibility Management Trainer | Aufbruch Trainings","robots":{"index":"index","follow":"follow","max-snippet":"max-snippet:-1","max-image-preview":"max-image-preview:large","max-video-preview":"max-video-preview:-1"},"canonical":"https:\/\/www.aufbruch-trainings.de\/en\/dagmar-thuernagel-samoto-michael-hallinger\/","og_locale":"en_US","og_type":"article","og_title":"Dagmar Th\u00fcrnagel und Samoto Michael Hallinger, Possibility Management Trainer | Aufbruch Trainings","og_description":"Dagmar Th\u00fcrnagel &amp; Samoto Michael Hallinger Possibility Management Trainer &amp; Feelings Practitioner Unsere Arbeit ist getragen von Liebe, Lebendigkeit, Klarheit und einer gemeinsamen Leidenschaft: Menschen dabei zu unterst\u00fctzen und daf\u00fcr zu begeistern, sich an ihre innere Kraft, ihr Feuer und ihre eigene Autorit\u00e4t anzuschlie\u00dfen. Dagmar Th\u00fcrnagel, geb. 1967 Seit \u00fcber 20 Jahren arbeite ich als [&hellip;]","og_url":"https:\/\/www.aufbruch-trainings.de\/en\/dagmar-thuernagel-samoto-michael-hallinger\/","og_site_name":"Aufbruch Trainings","og_image":[{"url":"https:\/\/www.aufbruch-trainings.de\/wp-content\/uploads\/2020\/09\/2019_09_03_FeelingsPractitioner_0350-300x209.jpeg","type":"","width":"","height":""}],"twitter_card":"summary_large_image","twitter_misc":{"Est. reading time":"1 minute"},"schema":{"@context":"https:\/\/schema.org","@graph":[{"@type":"WebPage","@id":"https:\/\/www.aufbruch-trainings.de\/en\/dagmar-thuernagel-samoto-michael-hallinger\/","url":"https:\/\/www.aufbruch-trainings.de\/en\/dagmar-thuernagel-samoto-michael-hallinger\/","name":"Dagmar Th\u00fcrnagel und Samoto Michael Hallinger, Possibility Management Trainer | Aufbruch Trainings","isPartOf":{"@id":"https:\/\/www.aufbruch-trainings.de\/en\/#website"},"primaryImageOfPage":{"@id":"https:\/\/www.aufbruch-trainings.de\/en\/dagmar-thuernagel-samoto-michael-hallinger\/#primaryimage"},"image":{"@id":"https:\/\/www.aufbruch-trainings.de\/en\/dagmar-thuernagel-samoto-michael-hallinger\/#primaryimage"},"thumbnailUrl":"https:\/\/www.aufbruch-trainings.de\/wp-content\/uploads\/2020\/09\/2019_09_03_FeelingsPractitioner_0350-300x209.jpeg","datePublished":"2013-11-29T09:23:19+00:00","inLanguage":"en-US","potentialAction":[{"@type":"ReadAction","target":["https:\/\/www.aufbruch-trainings.de\/en\/dagmar-thuernagel-samoto-michael-hallinger\/"]}]},{"@type":"ImageObject","inLanguage":"en-US","@id":"https:\/\/www.aufbruch-trainings.de\/en\/dagmar-thuernagel-samoto-michael-hallinger\/#primaryimage","url":"https:\/\/www.aufbruch-trainings.de\/wp-content\/uploads\/2020\/09\/2019_09_03_FeelingsPractitioner_0350-300x209.jpeg","contentUrl":"https:\/\/www.aufbruch-trainings.de\/wp-content\/uploads\/2020\/09\/2019_09_03_FeelingsPractitioner_0350-300x209.jpeg"},{"@type":"WebSite","@id":"https:\/\/www.aufbruch-trainings.de\/en\/#website","url":"https:\/\/www.aufbruch-trainings.de\/en\/","name":"Aufbruch Trainings","description":"empowering people | possibility management | expand the box | coaching","potentialAction":[{"@type":"SearchAction","target":{"@type":"EntryPoint","urlTemplate":"https:\/\/www.aufbruch-trainings.de\/en\/?s={search_term_string}"},"query-input":{"@type":"PropertyValueSpecification","valueRequired":true,"valueName":"search_term_string"}}],"inLanguage":"en-US"}]}},"_links":{"self":[{"href":"https:\/\/www.aufbruch-trainings.de\/en\/wp-json\/wp\/v2\/pages\/10366","targetHints":{"allow":["GET"]}}],"collection":[{"href":"https:\/\/www.aufbruch-trainings.de\/en\/wp-json\/wp\/v2\/pages"}],"about":[{"href":"https:\/\/www.aufbruch-trainings.de\/en\/wp-json\/wp\/v2\/types\/page"}],"author":[{"embeddable":true,"href":"https:\/\/www.aufbruch-trainings.de\/en\/wp-json\/wp\/v2\/users\/5"}],"replies":[{"embeddable":true,"href":"https:\/\/www.aufbruch-trainings.de\/en\/wp-json\/wp\/v2\/comments?post=10366"}],"version-history":[{"count":0,"href":"https:\/\/www.aufbruch-trainings.de\/en\/wp-json\/wp\/v2\/pages\/10366\/revisions"}],"wp:attachment":[{"href":"https:\/\/www.aufbruch-trainings.de\/en\/wp-json\/wp\/v2\/media?parent=10366"}],"curies":[{"name":"wp","href":"https:\/\/api.w.org\/{rel}","templated":true}]}}