{"id":10365,"date":"2013-11-29T23:14:55","date_gmt":"2013-11-29T21:14:55","guid":{"rendered":"https:\/\/www.aufbruch-trainings.de\/agb\/"},"modified":"2013-11-29T23:14:55","modified_gmt":"2013-11-29T21:14:55","slug":"agb","status":"publish","type":"page","link":"https:\/\/www.aufbruch-trainings.de\/en\/agb\/","title":{"rendered":"Allgemeine Gesch\u00e4ftsbedingungen"},"content":{"rendered":"<p>Aufbruch Trainings<br \/>\nHallinger und Th\u00fcrnagel GbR<\/p>\n<h2>Allgemeine Gesch\u00e4ftbedingungen<\/h2>\n<p>Diese allgemeinen Gesch\u00e4ftsbedingungen gelten f\u00fcr alle Trainings und Veranstaltungsvertr\u00e4ge zwischen Aufbruch Trainings Hallinger und Th\u00fcrnagel GbR, nachfolgend auch Aufbruch Trainings genannt, und ihren Auftraggebern, nachfolgend auch Kunden genannt.<\/p>\n<p>Die AGB gelten ausschlie\u00dflich. Gesch\u00e4ftsbedingungen des Vertragspartners, die diesen AGB entgegenstehen, von diesen AGB abweichen bzw. von den gesetzlichen Regelungen zu Ungunsten von Aufbruch Training abweichen, werden nicht anerkannt, es sei denn, es wird der Geltung ausdr\u00fccklich schriftlich zugestimmt.<\/p>\n<p>Die einzelnen Bestimmungen dieser AGB gelten gegen\u00fcber Verbrauchern und Unternehmern im Sinne von \u00a7 310 BGB. Diese AGB gelten auch f\u00fcr alle k\u00fcnftigen Gesch\u00e4fte mit dem Vertragspartner.<\/p>\n<p><b><!--more-->1. Vertragsabschluss<\/b><\/p>\n<p>Mit der Beauftragung von Aufbruch Trainings durch den Auftraggeber (schriftliche Anmeldung zu einem Training oder Buchung einer anderen Veranstaltung; auch per E-Mail) ist ein verbindliches Angebot abgegeben. Ein Vertrag kommt durch die schriftliche (auch per E-Mail) Annahme (Auftragsbest\u00e4tigung) dieses Angebots durch Aufbruch Trainings zustande.<\/p>\n<p>Weicht der Inhalt der Auftragsbest\u00e4tigung vom Inhalt der Beauftragung ab, so liegt ein neues Angebot vor, an welches Aufbruch Trainings f\u00fcr die Dauer von 14 Tagen gebunden ist. Der Vertrag kommt auf der Grundlage dieses Angebots zustande, wenn der Auftraggeber innerhalb dieser Frist dieses Angebot annimmt. Buchungen sind somit verbindlich.<\/p>\n<p><b>2. Umfang der Leistung<\/b><\/p>\n<p>Der Umfang der Leistung ergibt sich auf Grundlage des jeweiligen Trainings- bzw. Veranstaltungsvertrages. Eine Garantie f\u00fcr einen seitens des Kunden subjektiv vorgestellten Trainingsverlauf wird nicht gegeben.<\/p>\n<p>Aufbruch Trainings beh\u00e4lt sich Leistungs\u00e4nderungen nach Trainingsbeginn aus Gr\u00fcnden der effektiveren und effizienteren Zielerreichung im Sinne des Kunden vor.<\/p>\n<p><b>3. Honoraranspruch\/Bezahlung<\/b><\/p>\n<p>Aufbruch Trainings hat als Gegenleistung zur Erbringung ihrer Leistungen Anspruch auf Bezahlung eines angemessenen Honorars durch den Auftraggeber. Das Honorar wird vertraglich vereinbart.<br \/>\nDer Auftraggeber erh\u00e4lt eine Rechnung, die innerhalb der dort angegebenen Zahlungsfrist ohne Abz\u00fcge zu begleichen ist. Ist der Auftraggeber mit der Zahlung in Verzug, kann die Erf\u00fcllung der Leistung auf einen anderen Termin verschoben werden (siehe hierzu auch Punkt 4).<\/p>\n<p><b>4. K\u00fcndigung\/Absage einzelner Trainings seitens des Auftraggebers<\/b><\/p>\n<p>Der R\u00fccktritt vom Vertrag muss schriftlich bzw. per E-Mail erfolgen.<\/p>\n<p><span style=\"text-decoration: underline;\">Bei Trainings in Firmen bzw. Organisationen:<\/span><\/p>\n<p>Wird die Ausf\u00fchrung des Auftrages nach Zustandekommens des Vertrags durch den Auftraggeber verhindert (z. B. wegen K\u00fcndigung oder Verschiebung) so gilt folgende Stornoregelung mit der Ma\u00dfgabe grunds\u00e4tzlicher Terminflexibilit\u00e4t auf beiden Seiten:<\/p>\n<ol>\n<li>bis 12 Wochen vorher: Verschiebung auf einen neuen Termin; keine Stornokosten<\/li>\n<li>bis 8 Wochen vorher: Verschiebung auf einen neuen Termin; falls nicht m\u00f6glich, Fakturierung von 25 %<\/li>\n<li>bis 4 Wochen vorher: Verschiebung auf einen neuen Termin; falls nicht m\u00f6glich, Fakturierung von 50 %<\/li>\n<li>unter 4 Wochen vorher: Fakturierung von 75 %<\/li>\n<li>ab 1 Woche vorher: Fakturierung von 100%<\/li>\n<\/ol>\n<p><span style=\"text-decoration: underline;\">Bei Privat-Trainings:<\/span><\/p>\n<p>Der R\u00fccktritt ist bis 2 Wochen vor der Veranstaltung kostenfrei. Danach f\u00e4llt eine Stornogeb\u00fchr von EUR 100,&#8211; an, die ggf. auf ein sp\u00e4teres Training angerechnet werden kann.<\/p>\n<p>Aufbruch Trainings muss Kontingente in Seminarh\u00e4usern fest buchen und hat bei Stornierung Kosten zu tragen.<br \/>\nDaher wird die Tagungspauschale (\u00dcbernachtung\/Verpflegung im Seminarhaus und anteilige Kosten f\u00fcr Raum) in jedem Fall in Rechnung gestellt und ist von dem Teilnehmer zu zahlen, falls der Platz nicht anderweitig besetzt werden kann (z. B. durch eine vom Teilnehmer selbst gestellte Ersatzperson). Die Fristen und Stornogeb\u00fchren des Seminarhauses werden dabei an den Teilnehmer weitergegeben.<\/p>\n<p><b>5. K\u00fcndigung\/Absage einzelner Trainings seitens Aufbruch Trainings<\/b><\/p>\n<p>Der Veranstalter kann aus wichtigem Grunde, z. B. bei Krankheit der Trainer oder zu geringer Teilnehmerzahl, das Training oder die Veranstaltung absagen. In diesem Fall werden bereits bezahlte Geb\u00fchren in voller H\u00f6he zur\u00fcckerstattet oder es wird nach R\u00fccksprache mit dem Auftraggeber ein neuer Termin vereinbart.<\/p>\n<p>Aufbruch Trainings haftet in dem Fall nicht f\u00fcr bereits gebuchte Anreisen per Auto (z. B. Mietwagen), Bahn oder Flugzeug.<\/p>\n<p><b>6. Trainingsvoraussetzungen\/Haftungsausschluss<\/b><\/p>\n<p>Dagmar Th\u00fcrnagel und Michael Hallinger arbeiten als Trainer und Coaches nach Possibility Management<sup>\u00a9<\/sup> und vermitteln den Teilnehmern neue M\u00f6glichkeiten und Sichtweisen, die der Pers\u00f6nlichkeitsentwicklung und der Potenzialentfaltung dienen. Dagmar Th\u00fcrnagel ist weder Heilpraktikerin noch Psychotherapeutin und ersetzt diese auch nicht. Herr Michael Hallinger ist weder in \u00e4rztlicher noch heilpraktischer Funktion t\u00e4tig. Die Trainings von Aufbruch Trainings stellen keinen Ersatz f\u00fcr eine Therapie oder \u00e4rztliche Behandlung dar.<br \/>\nDie Teilnahme erfolgt seitens der Teilnehmer auf eigene Verantwortung und eigene Gefahr. Jeder Teilnehmer ist zu jeder Zeit seine eigene Autorit\u00e4t und tr\u00e4gt die volle Verantwortung f\u00fcr seine Teilnahme und sein Agieren.<br \/>\nAufbruch Trainings haftet nicht f\u00fcr Sch\u00e4den, die aus der Nicht-Einhaltung der Anweisungen von Aufbruch Trainings durch den Kunden bzw. die Teilnehmer entstehen. Ebenso haftet Aufbruch Trainings nicht f\u00fcr Sch\u00e4den, die sich der Auftraggeber bzw. Kunde selbst oder anderen dritten zuf\u00fcgt.<\/p>\n<p>Aufbruch Trainings haftet im Rahmen der Sorgfaltspflicht f\u00fcr die gewissenhafte Vorbereitung, die sorgf\u00e4ltige Auswahl und die ordnungsgem\u00e4\u00dfe Erbringung der vereinbarten Leistung. Mit Ausnahme von Sch\u00e4den, die auf grober Fahrl\u00e4ssigkeit oder Vorsatz beruhen, sind Schadensanspr\u00fcche des Kunden gegen Aufbruch Trainings ausgeschlossen.<\/p>\n<p>Diese Punkte gelten f\u00fcr Indoor- wie Outdoor-Veranstaltungen.<\/p>\n<p>Mit der Teilnahme an einem Training oder Coaching akzeptiert der Teilnehmer automatisch diese AGB. Zus\u00e4tzlich zu diesen AGB gelten die gesondert ausgewiesenen <a href=\"https:\/\/www.aufbruch-trainings.de\/wp-content\/uploads\/Hinweise-zur-Teilnahme-an-Trainings-und-Coaching.pdf\" target=\"_blank\">Hinweise zur Teilnahme an Trainings und Coaching<\/a>.<\/p>\n<p><b>7. Datenschutz<\/b><\/p>\n<p>Die Daten des Kunden werden im Rahmen des Datenschutzgesetzes bei Aufbruch Trainings abgespeichert. Eine Weitergabe personenbezogener Daten der Kunden an Dritte erfolgt nicht.<br \/>\nW\u00e4hrend der Trainings oder anderen Veranstaltungen d\u00fcrfen Foto- und Filmaufnahmen der Teilnehmer nur nach vorheriger Absprache erstellt werden. Solche Aufnahmen d\u00fcrfen ebenfalls nur nach vorheriger Absprache \u00fcber die Art der Verwendung zur weiteren Nutzung verwendet werden.<\/p>\n<p><b>8. Nebenabreden<\/b><\/p>\n<p>Nebenabreden sind schriftlich zu vereinbaren.<\/p>\n<p><b>9. Unwirksamkeit einzelner Bestimmungen<\/b><\/p>\n<p>Sollten einzelne Bestimmungen des Vertrages mit dem Vertragspartner einschlie\u00dflich dieser AGB ganz oder teilweise unwirksam sein oder werden, so wird hierdurch die G\u00fcltigkeit der \u00fcbrigen Bestimmungen nicht ber\u00fchrt. Ganz oder teilweise unwirksame Regelungen sollen durch eine Regelung ersetzt werden, deren wirtschaftlicher Erfolg der unwirksamen Regelung m\u00f6glichst nahe kommt.<\/p>\n<p><b>10. Gerichtsstand <\/b>ist M\u00fcnchen.<\/p>\n<p><b>11. Anbieter<\/b><\/p>\n<p>Aufbruch Trainings Hallinger und Th\u00fcrnagel GbR<br \/>\nInh. Michael Hallinger und Dagmar Th\u00fcrnagel<br \/>\nSt.-Wolfgangs-Platz 3<br \/>\n81669 M\u00fcnchen<br \/>\nTelefon (089) 44 88 99 2<br \/>\n<a href=\"mailto:post@aufbruch-trainings.de\">post@aufbruch-trainings.de<\/a><br \/>\nwww.aufbruch-trainings.de<\/p>\n","protected":false},"excerpt":{"rendered":"<p>Aufbruch Trainings Hallinger und Th\u00fcrnagel GbR Allgemeine Gesch\u00e4ftbedingungen Diese allgemeinen Gesch\u00e4ftsbedingungen gelten f\u00fcr alle Trainings und Veranstaltungsvertr\u00e4ge zwischen Aufbruch Trainings Hallinger und Th\u00fcrnagel GbR, nachfolgend auch Aufbruch Trainings genannt, und ihren Auftraggebern, nachfolgend auch Kunden genannt. Die AGB gelten ausschlie\u00dflich. Gesch\u00e4ftsbedingungen des Vertragspartners, die diesen AGB entgegenstehen, von diesen AGB abweichen bzw. von den gesetzlichen [&hellip;]<\/p>\n","protected":false},"author":5,"featured_media":0,"parent":0,"menu_order":0,"comment_status":"open","ping_status":"open","template":"page-full-width.php","meta":{"footnotes":""},"class_list":["post-10365","page","type-page","status-publish","hentry"],"yoast_head":"<!-- This site is optimized with the Yoast SEO plugin v27.1.1 - https:\/\/yoast.com\/product\/yoast-seo-wordpress\/ -->\n<title>Allgemeine Gesch\u00e4ftsbedingungen | Aufbruch Trainings<\/title>\n<meta name=\"robots\" content=\"index, follow, max-snippet:-1, max-image-preview:large, max-video-preview:-1\" \/>\n<link rel=\"canonical\" href=\"https:\/\/www.aufbruch-trainings.de\/en\/agb\/\" \/>\n<meta property=\"og:locale\" content=\"en_US\" \/>\n<meta property=\"og:type\" content=\"article\" \/>\n<meta property=\"og:title\" content=\"Allgemeine Gesch\u00e4ftsbedingungen | Aufbruch Trainings\" \/>\n<meta property=\"og:description\" content=\"Aufbruch Trainings Hallinger und Th\u00fcrnagel GbR Allgemeine Gesch\u00e4ftbedingungen Diese allgemeinen Gesch\u00e4ftsbedingungen gelten f\u00fcr alle Trainings und Veranstaltungsvertr\u00e4ge zwischen Aufbruch Trainings Hallinger und Th\u00fcrnagel GbR, nachfolgend auch Aufbruch Trainings genannt, und ihren Auftraggebern, nachfolgend auch Kunden genannt. Die AGB gelten ausschlie\u00dflich. Gesch\u00e4ftsbedingungen des Vertragspartners, die diesen AGB entgegenstehen, von diesen AGB abweichen bzw. von den gesetzlichen [&hellip;]\" \/>\n<meta property=\"og:url\" content=\"https:\/\/www.aufbruch-trainings.de\/en\/agb\/\" \/>\n<meta property=\"og:site_name\" content=\"Aufbruch Trainings\" \/>\n<meta name=\"twitter:card\" content=\"summary_large_image\" \/>\n<meta name=\"twitter:label1\" content=\"Est. reading time\" \/>\n\t<meta name=\"twitter:data1\" content=\"5 minutes\" \/>\n<script type=\"application\/ld+json\" class=\"yoast-schema-graph\">{\"@context\":\"https:\/\/schema.org\",\"@graph\":[{\"@type\":\"WebPage\",\"@id\":\"https:\/\/www.aufbruch-trainings.de\/en\/agb\/\",\"url\":\"https:\/\/www.aufbruch-trainings.de\/en\/agb\/\",\"name\":\"Allgemeine Gesch\u00e4ftsbedingungen | Aufbruch Trainings\",\"isPartOf\":{\"@id\":\"https:\/\/www.aufbruch-trainings.de\/en\/#website\"},\"datePublished\":\"2013-11-29T21:14:55+00:00\",\"inLanguage\":\"en-US\",\"potentialAction\":[{\"@type\":\"ReadAction\",\"target\":[\"https:\/\/www.aufbruch-trainings.de\/en\/agb\/\"]}]},{\"@type\":\"WebSite\",\"@id\":\"https:\/\/www.aufbruch-trainings.de\/en\/#website\",\"url\":\"https:\/\/www.aufbruch-trainings.de\/en\/\",\"name\":\"Aufbruch Trainings\",\"description\":\"empowering people | possibility management | expand the box | coaching\",\"potentialAction\":[{\"@type\":\"SearchAction\",\"target\":{\"@type\":\"EntryPoint\",\"urlTemplate\":\"https:\/\/www.aufbruch-trainings.de\/en\/?s={search_term_string}\"},\"query-input\":{\"@type\":\"PropertyValueSpecification\",\"valueRequired\":true,\"valueName\":\"search_term_string\"}}],\"inLanguage\":\"en-US\"}]}<\/script>\n<!-- \/ Yoast SEO plugin. -->","yoast_head_json":{"title":"Allgemeine Gesch\u00e4ftsbedingungen | Aufbruch Trainings","robots":{"index":"index","follow":"follow","max-snippet":"max-snippet:-1","max-image-preview":"max-image-preview:large","max-video-preview":"max-video-preview:-1"},"canonical":"https:\/\/www.aufbruch-trainings.de\/en\/agb\/","og_locale":"en_US","og_type":"article","og_title":"Allgemeine Gesch\u00e4ftsbedingungen | Aufbruch Trainings","og_description":"Aufbruch Trainings Hallinger und Th\u00fcrnagel GbR Allgemeine Gesch\u00e4ftbedingungen Diese allgemeinen Gesch\u00e4ftsbedingungen gelten f\u00fcr alle Trainings und Veranstaltungsvertr\u00e4ge zwischen Aufbruch Trainings Hallinger und Th\u00fcrnagel GbR, nachfolgend auch Aufbruch Trainings genannt, und ihren Auftraggebern, nachfolgend auch Kunden genannt. Die AGB gelten ausschlie\u00dflich. Gesch\u00e4ftsbedingungen des Vertragspartners, die diesen AGB entgegenstehen, von diesen AGB abweichen bzw. von den gesetzlichen [&hellip;]","og_url":"https:\/\/www.aufbruch-trainings.de\/en\/agb\/","og_site_name":"Aufbruch Trainings","twitter_card":"summary_large_image","twitter_misc":{"Est. reading time":"5 minutes"},"schema":{"@context":"https:\/\/schema.org","@graph":[{"@type":"WebPage","@id":"https:\/\/www.aufbruch-trainings.de\/en\/agb\/","url":"https:\/\/www.aufbruch-trainings.de\/en\/agb\/","name":"Allgemeine Gesch\u00e4ftsbedingungen | Aufbruch Trainings","isPartOf":{"@id":"https:\/\/www.aufbruch-trainings.de\/en\/#website"},"datePublished":"2013-11-29T21:14:55+00:00","inLanguage":"en-US","potentialAction":[{"@type":"ReadAction","target":["https:\/\/www.aufbruch-trainings.de\/en\/agb\/"]}]},{"@type":"WebSite","@id":"https:\/\/www.aufbruch-trainings.de\/en\/#website","url":"https:\/\/www.aufbruch-trainings.de\/en\/","name":"Aufbruch Trainings","description":"empowering people | possibility management | expand the box | coaching","potentialAction":[{"@type":"SearchAction","target":{"@type":"EntryPoint","urlTemplate":"https:\/\/www.aufbruch-trainings.de\/en\/?s={search_term_string}"},"query-input":{"@type":"PropertyValueSpecification","valueRequired":true,"valueName":"search_term_string"}}],"inLanguage":"en-US"}]}},"_links":{"self":[{"href":"https:\/\/www.aufbruch-trainings.de\/en\/wp-json\/wp\/v2\/pages\/10365","targetHints":{"allow":["GET"]}}],"collection":[{"href":"https:\/\/www.aufbruch-trainings.de\/en\/wp-json\/wp\/v2\/pages"}],"about":[{"href":"https:\/\/www.aufbruch-trainings.de\/en\/wp-json\/wp\/v2\/types\/page"}],"author":[{"embeddable":true,"href":"https:\/\/www.aufbruch-trainings.de\/en\/wp-json\/wp\/v2\/users\/5"}],"replies":[{"embeddable":true,"href":"https:\/\/www.aufbruch-trainings.de\/en\/wp-json\/wp\/v2\/comments?post=10365"}],"version-history":[{"count":0,"href":"https:\/\/www.aufbruch-trainings.de\/en\/wp-json\/wp\/v2\/pages\/10365\/revisions"}],"wp:attachment":[{"href":"https:\/\/www.aufbruch-trainings.de\/en\/wp-json\/wp\/v2\/media?parent=10365"}],"curies":[{"name":"wp","href":"https:\/\/api.w.org\/{rel}","templated":true}]}}