{"id":10356,"date":"2014-11-27T07:53:20","date_gmt":"2014-11-27T06:53:20","guid":{"rendered":"https:\/\/www.aufbruch-trainings.de\/kontakt\/"},"modified":"2014-11-27T07:53:20","modified_gmt":"2014-11-27T06:53:20","slug":"kontakt","status":"publish","type":"page","link":"https:\/\/www.aufbruch-trainings.de\/en\/kontakt\/","title":{"rendered":"Kontakt einfach"},"content":{"rendered":"<div>\n<h1>Kontakt<\/h1>\n<p><strong>Aufbruch Trainings<\/strong><br \/>\nHallinger und Th\u00fcrnagel GbR<br \/>\nInh. Michael Hallinger und Dagmar Th\u00fcrnagel<br \/>\nSt.-Wolfgangs-Platz 3<br \/>\n81669 M\u00fcnchen<\/p>\n<p>Telefon (089) 4488992<br \/>\nE-Mail post@aufbruch-trainings.de<\/p>\n<p>&nbsp;<\/p>\n<\/div>\n<p>&nbsp;<\/p>\n<p>&nbsp;<\/p>\n<p>&nbsp;<\/p>\n<p>&nbsp;<\/p>\n<p>&nbsp;<\/p>\n<p>&nbsp;<\/p>\n<p>&nbsp;<\/p>\n<p>&nbsp;<\/p>\n","protected":false},"excerpt":{"rendered":"<p>Kontakt Aufbruch Trainings Hallinger und Th\u00fcrnagel GbR Inh. Michael Hallinger und Dagmar Th\u00fcrnagel St.-Wolfgangs-Platz 3 81669 M\u00fcnchen Telefon (089) 4488992 E-Mail post@aufbruch-trainings.de &nbsp; &nbsp; &nbsp; &nbsp; &nbsp; &nbsp; &nbsp; &nbsp; &nbsp;<\/p>\n","protected":false},"author":5,"featured_media":0,"parent":0,"menu_order":0,"comment_status":"closed","ping_status":"closed","template":"","meta":{"footnotes":""},"class_list":["post-10356","page","type-page","status-publish","hentry"],"yoast_head":"<!-- This site is optimized with the Yoast SEO plugin v27.1.1 - https:\/\/yoast.com\/product\/yoast-seo-wordpress\/ -->\n<title>Kontakt einfach | Aufbruch Trainings<\/title>\n<meta name=\"robots\" content=\"index, follow, max-snippet:-1, max-image-preview:large, max-video-preview:-1\" \/>\n<link rel=\"canonical\" href=\"https:\/\/www.aufbruch-trainings.de\/en\/kontakt\/\" \/>\n<meta property=\"og:locale\" content=\"en_US\" \/>\n<meta property=\"og:type\" content=\"article\" \/>\n<meta property=\"og:title\" content=\"Kontakt einfach | Aufbruch Trainings\" \/>\n<meta property=\"og:description\" content=\"Kontakt Aufbruch Trainings Hallinger und Th\u00fcrnagel GbR Inh. Michael Hallinger und Dagmar Th\u00fcrnagel St.-Wolfgangs-Platz 3 81669 M\u00fcnchen Telefon (089) 4488992 E-Mail post@aufbruch-trainings.de &nbsp; &nbsp; &nbsp; &nbsp; &nbsp; &nbsp; &nbsp; &nbsp; &nbsp;\" \/>\n<meta property=\"og:url\" content=\"https:\/\/www.aufbruch-trainings.de\/en\/kontakt\/\" \/>\n<meta property=\"og:site_name\" content=\"Aufbruch Trainings\" \/>\n<meta name=\"twitter:card\" content=\"summary_large_image\" \/>\n<script type=\"application\/ld+json\" class=\"yoast-schema-graph\">{\"@context\":\"https:\/\/schema.org\",\"@graph\":[{\"@type\":\"WebPage\",\"@id\":\"https:\/\/www.aufbruch-trainings.de\/en\/kontakt\/\",\"url\":\"https:\/\/www.aufbruch-trainings.de\/en\/kontakt\/\",\"name\":\"Kontakt einfach | Aufbruch Trainings\",\"isPartOf\":{\"@id\":\"https:\/\/www.aufbruch-trainings.de\/en\/#website\"},\"datePublished\":\"2014-11-27T06:53:20+00:00\",\"inLanguage\":\"en-US\",\"potentialAction\":[{\"@type\":\"ReadAction\",\"target\":[\"https:\/\/www.aufbruch-trainings.de\/en\/kontakt\/\"]}]},{\"@type\":\"WebSite\",\"@id\":\"https:\/\/www.aufbruch-trainings.de\/en\/#website\",\"url\":\"https:\/\/www.aufbruch-trainings.de\/en\/\",\"name\":\"Aufbruch Trainings\",\"description\":\"empowering people | possibility management | expand the box | coaching\",\"potentialAction\":[{\"@type\":\"SearchAction\",\"target\":{\"@type\":\"EntryPoint\",\"urlTemplate\":\"https:\/\/www.aufbruch-trainings.de\/en\/?s={search_term_string}\"},\"query-input\":{\"@type\":\"PropertyValueSpecification\",\"valueRequired\":true,\"valueName\":\"search_term_string\"}}],\"inLanguage\":\"en-US\"}]}<\/script>\n<!-- \/ Yoast SEO plugin. -->","yoast_head_json":{"title":"Kontakt einfach | Aufbruch Trainings","robots":{"index":"index","follow":"follow","max-snippet":"max-snippet:-1","max-image-preview":"max-image-preview:large","max-video-preview":"max-video-preview:-1"},"canonical":"https:\/\/www.aufbruch-trainings.de\/en\/kontakt\/","og_locale":"en_US","og_type":"article","og_title":"Kontakt einfach | Aufbruch Trainings","og_description":"Kontakt Aufbruch Trainings Hallinger und Th\u00fcrnagel GbR Inh. Michael Hallinger und Dagmar Th\u00fcrnagel St.-Wolfgangs-Platz 3 81669 M\u00fcnchen Telefon (089) 4488992 E-Mail post@aufbruch-trainings.de &nbsp; &nbsp; &nbsp; &nbsp; &nbsp; &nbsp; &nbsp; &nbsp; &nbsp;","og_url":"https:\/\/www.aufbruch-trainings.de\/en\/kontakt\/","og_site_name":"Aufbruch Trainings","twitter_card":"summary_large_image","schema":{"@context":"https:\/\/schema.org","@graph":[{"@type":"WebPage","@id":"https:\/\/www.aufbruch-trainings.de\/en\/kontakt\/","url":"https:\/\/www.aufbruch-trainings.de\/en\/kontakt\/","name":"Kontakt einfach | Aufbruch Trainings","isPartOf":{"@id":"https:\/\/www.aufbruch-trainings.de\/en\/#website"},"datePublished":"2014-11-27T06:53:20+00:00","inLanguage":"en-US","potentialAction":[{"@type":"ReadAction","target":["https:\/\/www.aufbruch-trainings.de\/en\/kontakt\/"]}]},{"@type":"WebSite","@id":"https:\/\/www.aufbruch-trainings.de\/en\/#website","url":"https:\/\/www.aufbruch-trainings.de\/en\/","name":"Aufbruch Trainings","description":"empowering people | possibility management | expand the box | coaching","potentialAction":[{"@type":"SearchAction","target":{"@type":"EntryPoint","urlTemplate":"https:\/\/www.aufbruch-trainings.de\/en\/?s={search_term_string}"},"query-input":{"@type":"PropertyValueSpecification","valueRequired":true,"valueName":"search_term_string"}}],"inLanguage":"en-US"}]}},"_links":{"self":[{"href":"https:\/\/www.aufbruch-trainings.de\/en\/wp-json\/wp\/v2\/pages\/10356","targetHints":{"allow":["GET"]}}],"collection":[{"href":"https:\/\/www.aufbruch-trainings.de\/en\/wp-json\/wp\/v2\/pages"}],"about":[{"href":"https:\/\/www.aufbruch-trainings.de\/en\/wp-json\/wp\/v2\/types\/page"}],"author":[{"embeddable":true,"href":"https:\/\/www.aufbruch-trainings.de\/en\/wp-json\/wp\/v2\/users\/5"}],"replies":[{"embeddable":true,"href":"https:\/\/www.aufbruch-trainings.de\/en\/wp-json\/wp\/v2\/comments?post=10356"}],"version-history":[{"count":0,"href":"https:\/\/www.aufbruch-trainings.de\/en\/wp-json\/wp\/v2\/pages\/10356\/revisions"}],"wp:attachment":[{"href":"https:\/\/www.aufbruch-trainings.de\/en\/wp-json\/wp\/v2\/media?parent=10356"}],"curies":[{"name":"wp","href":"https:\/\/api.w.org\/{rel}","templated":true}]}}