{"id":10352,"date":"2020-02-21T17:02:16","date_gmt":"2020-02-21T16:02:16","guid":{"rendered":"https:\/\/www.aufbruch-trainings.de\/magie-der-berge\/"},"modified":"2020-02-21T17:02:16","modified_gmt":"2020-02-21T16:02:16","slug":"magie-der-berge","status":"publish","type":"page","link":"https:\/\/www.aufbruch-trainings.de\/en\/magie-der-berge\/","title":{"rendered":"Magie der Berge"},"content":{"rendered":"<h1><strong>Magie der Berge<\/strong><br \/>\nEntdeckungsreise zur Sinnes- und Lebenslust<\/h1>\n<p>Lebst auch du wie viele Menschen im gew\u00f6hnlichen Trott und h\u00e4ltst dich in St\u00e4dten, Wohnungen und B\u00fcrogeb\u00e4uden auf? Gerade dieses Umfeld beschneidet ein St\u00fcck weit dein Sein. Es macht den Raum dessen, was f\u00fcr dich m\u00f6glich ist, kleiner. Das Sein m\u00f6chte <strong>Freiheit f\u00fcr Entfaltung<\/strong> und seine einzigartigen Qualit\u00e4ten zum Ausdruck bringen.<\/p>\n<p>W\u00e4hrend des Trainings &#8220;Magie der Berge&#8221; er\u00f6ffnen physische Weitblicke und Erfahrungen <strong>neue Horizonte<\/strong>, die du am Schreibtisch nicht sehen kannst. Einzigartige Erlebnisse in der Natur erm\u00f6glichen deinem Sein, wieder an seine urspr\u00fcngliche Kraft anzudocken.<br \/>\nErlebe das Leben mit seiner <strong>F\u00fclle, Inspiration und Kraft<\/strong> so, als w\u00fcrdest du in eine mit Sonnenlicht getr\u00e4nkte, saftig-reife Orange bei\u00dfen. Wandern kann eine <strong>Vier-K\u00f6rper-Sinnes-Explosion<\/strong> der besonderen Art sein. Gipfelerlebnisse und intensive Naturerfahrungen bereiten den Boden f\u00fcr Gipfelerlebnisse im Alltag, st\u00e4rken dein Selbstbewusstsein, deine Achtsamkeit, Pr\u00e4senz und innere Ausrichtung. Dem\u00fctig, klar und rein.<\/p>\n<p><strong>Bitte beachte<\/strong>: f\u00fcr dieses Training ist die vorherige Teilnahme an einem <a href=\"https:\/\/www.aufbruch-trainings.de\/expand-the-box-possibility-management\/\">Expand The Box Training<\/a> Voraussetzung.<\/p>\n<p><iframe loading=\"lazy\" src=\"\/\/www.youtube.com\/embed\/vuQQFrNUCCY\" width=\"560\" height=\"314\" allowfullscreen=\"allowfullscreen\"><\/iframe><\/p>\n<p><strong>In diesem Training wirst du<\/strong><\/p>\n<ul>\n<li>in der Bewegung in der Natur Innenschau halten und hinderliche Blockaden sprengen<\/li>\n<\/ul>\n<div class=\"tns-morewrapper\">\n\t<div id=\"\" class=\"tns-content collapsed\">\n\n<ul>\n<li>im Team forschen, wie du deine individuelle Lebenslust und -kraft zur vollen Entfaltung bringen kannst<\/li>\n<\/ul>\n<ul>\n<li>deine Achtsamkeit, Pr\u00e4senz, innere Ausrichtung und dein Selbstbewusstsein st\u00e4rken<\/li>\n<li>unterst\u00fctzt von Fernsicht und \u00dcberblick im Au\u00dfen deinen inneren Horizont erweitern<\/li>\n<\/ul>\n<ul>\n<li>deine Wachsamkeit und Intuition schulen, so dass sie dir im Alltag mehr verf\u00fcgbar sind<\/li>\n<\/ul>\n<ul>\n<li>vom Naturerlebnis gen\u00e4hrt dein Sein mehr und mehr entfalten<\/li>\n<\/ul>\n<p>\t<\/div>\n\t<div class=\"tns-bottom\">\n\t\t<a class=\"tns-toggler\">Mehr...<\/a>\n\t\t<div class=\"tns-name\">\n<br \/>\n\t\t<\/div>\n\t<\/div>\n<\/div>\n<\/p>\n<h4>Termin<\/h4>\n<p><strong>16. &#8211; 19. Juli 2020<\/strong> (Donnerstag 13 Uhr &#8211; Sonntag 16 Uhr)<br \/>\nim Raum Garmisch-Partenkirchen\/Ehrwald, mit Michael Hallinger &amp; Nicola Neumann-Manngoldt<\/p>\n<p><strong>Besonderheit:<\/strong> max. 10 Teilnehmer<\/p>\n<p><em>Investition pro Person bei Anmeldung bis 18. Juni 2020: 625,- \u20ac, danach 685 \u20ac,\u00a0 zzgl. \u00dc\/V auf der Bergh\u00fctte (ca. 140 \u20ac)<br \/>\n<\/em><strong><br \/>\nVerbindliche Anmeldung erforderlich.<br \/>\n<\/strong><\/p>\n<p><a class=\"button btn btn-default lowercase\" href=\"https:\/\/www.aufbruch-trainings.de\/en\/seminar-anmeldung\/\">Online anmelden<\/a><\/p>\n","protected":false},"excerpt":{"rendered":"<p>Magie der Berge Entdeckungsreise zur Sinnes- und Lebenslust Lebst auch du wie viele Menschen im gew\u00f6hnlichen Trott und h\u00e4ltst dich in St\u00e4dten, Wohnungen und B\u00fcrogeb\u00e4uden auf? Gerade dieses Umfeld beschneidet ein St\u00fcck weit dein Sein. Es macht den Raum dessen, was f\u00fcr dich m\u00f6glich ist, kleiner. Das Sein m\u00f6chte Freiheit f\u00fcr Entfaltung und seine einzigartigen [&hellip;]<\/p>\n","protected":false},"author":4,"featured_media":0,"parent":0,"menu_order":0,"comment_status":"closed","ping_status":"closed","template":"","meta":{"footnotes":""},"class_list":["post-10352","page","type-page","status-publish","hentry"],"yoast_head":"<!-- This site is optimized with the Yoast SEO plugin v27.1.1 - https:\/\/yoast.com\/product\/yoast-seo-wordpress\/ -->\n<title>Magie der Berge | Aufbruch Trainings<\/title>\n<meta name=\"robots\" content=\"index, follow, max-snippet:-1, max-image-preview:large, max-video-preview:-1\" \/>\n<link rel=\"canonical\" href=\"https:\/\/www.aufbruch-trainings.de\/en\/magie-der-berge\/\" \/>\n<meta property=\"og:locale\" content=\"en_US\" \/>\n<meta property=\"og:type\" content=\"article\" \/>\n<meta property=\"og:title\" content=\"Magie der Berge | Aufbruch Trainings\" \/>\n<meta property=\"og:description\" content=\"Magie der Berge Entdeckungsreise zur Sinnes- und Lebenslust Lebst auch du wie viele Menschen im gew\u00f6hnlichen Trott und h\u00e4ltst dich in St\u00e4dten, Wohnungen und B\u00fcrogeb\u00e4uden auf? Gerade dieses Umfeld beschneidet ein St\u00fcck weit dein Sein. Es macht den Raum dessen, was f\u00fcr dich m\u00f6glich ist, kleiner. Das Sein m\u00f6chte Freiheit f\u00fcr Entfaltung und seine einzigartigen [&hellip;]\" \/>\n<meta property=\"og:url\" content=\"https:\/\/www.aufbruch-trainings.de\/en\/magie-der-berge\/\" \/>\n<meta property=\"og:site_name\" content=\"Aufbruch Trainings\" \/>\n<meta name=\"twitter:card\" content=\"summary_large_image\" \/>\n<meta name=\"twitter:label1\" content=\"Est. reading time\" \/>\n\t<meta name=\"twitter:data1\" content=\"2 minutes\" \/>\n<script type=\"application\/ld+json\" class=\"yoast-schema-graph\">{\"@context\":\"https:\/\/schema.org\",\"@graph\":[{\"@type\":\"WebPage\",\"@id\":\"https:\/\/www.aufbruch-trainings.de\/en\/magie-der-berge\/\",\"url\":\"https:\/\/www.aufbruch-trainings.de\/en\/magie-der-berge\/\",\"name\":\"Magie der Berge | Aufbruch Trainings\",\"isPartOf\":{\"@id\":\"https:\/\/www.aufbruch-trainings.de\/en\/#website\"},\"datePublished\":\"2020-02-21T16:02:16+00:00\",\"inLanguage\":\"en-US\",\"potentialAction\":[{\"@type\":\"ReadAction\",\"target\":[\"https:\/\/www.aufbruch-trainings.de\/en\/magie-der-berge\/\"]}]},{\"@type\":\"WebSite\",\"@id\":\"https:\/\/www.aufbruch-trainings.de\/en\/#website\",\"url\":\"https:\/\/www.aufbruch-trainings.de\/en\/\",\"name\":\"Aufbruch Trainings\",\"description\":\"empowering people | possibility management | expand the box | coaching\",\"potentialAction\":[{\"@type\":\"SearchAction\",\"target\":{\"@type\":\"EntryPoint\",\"urlTemplate\":\"https:\/\/www.aufbruch-trainings.de\/en\/?s={search_term_string}\"},\"query-input\":{\"@type\":\"PropertyValueSpecification\",\"valueRequired\":true,\"valueName\":\"search_term_string\"}}],\"inLanguage\":\"en-US\"}]}<\/script>\n<!-- \/ Yoast SEO plugin. -->","yoast_head_json":{"title":"Magie der Berge | Aufbruch Trainings","robots":{"index":"index","follow":"follow","max-snippet":"max-snippet:-1","max-image-preview":"max-image-preview:large","max-video-preview":"max-video-preview:-1"},"canonical":"https:\/\/www.aufbruch-trainings.de\/en\/magie-der-berge\/","og_locale":"en_US","og_type":"article","og_title":"Magie der Berge | Aufbruch Trainings","og_description":"Magie der Berge Entdeckungsreise zur Sinnes- und Lebenslust Lebst auch du wie viele Menschen im gew\u00f6hnlichen Trott und h\u00e4ltst dich in St\u00e4dten, Wohnungen und B\u00fcrogeb\u00e4uden auf? Gerade dieses Umfeld beschneidet ein St\u00fcck weit dein Sein. Es macht den Raum dessen, was f\u00fcr dich m\u00f6glich ist, kleiner. Das Sein m\u00f6chte Freiheit f\u00fcr Entfaltung und seine einzigartigen [&hellip;]","og_url":"https:\/\/www.aufbruch-trainings.de\/en\/magie-der-berge\/","og_site_name":"Aufbruch Trainings","twitter_card":"summary_large_image","twitter_misc":{"Est. reading time":"2 minutes"},"schema":{"@context":"https:\/\/schema.org","@graph":[{"@type":"WebPage","@id":"https:\/\/www.aufbruch-trainings.de\/en\/magie-der-berge\/","url":"https:\/\/www.aufbruch-trainings.de\/en\/magie-der-berge\/","name":"Magie der Berge | Aufbruch Trainings","isPartOf":{"@id":"https:\/\/www.aufbruch-trainings.de\/en\/#website"},"datePublished":"2020-02-21T16:02:16+00:00","inLanguage":"en-US","potentialAction":[{"@type":"ReadAction","target":["https:\/\/www.aufbruch-trainings.de\/en\/magie-der-berge\/"]}]},{"@type":"WebSite","@id":"https:\/\/www.aufbruch-trainings.de\/en\/#website","url":"https:\/\/www.aufbruch-trainings.de\/en\/","name":"Aufbruch Trainings","description":"empowering people | possibility management | expand the box | coaching","potentialAction":[{"@type":"SearchAction","target":{"@type":"EntryPoint","urlTemplate":"https:\/\/www.aufbruch-trainings.de\/en\/?s={search_term_string}"},"query-input":{"@type":"PropertyValueSpecification","valueRequired":true,"valueName":"search_term_string"}}],"inLanguage":"en-US"}]}},"_links":{"self":[{"href":"https:\/\/www.aufbruch-trainings.de\/en\/wp-json\/wp\/v2\/pages\/10352","targetHints":{"allow":["GET"]}}],"collection":[{"href":"https:\/\/www.aufbruch-trainings.de\/en\/wp-json\/wp\/v2\/pages"}],"about":[{"href":"https:\/\/www.aufbruch-trainings.de\/en\/wp-json\/wp\/v2\/types\/page"}],"author":[{"embeddable":true,"href":"https:\/\/www.aufbruch-trainings.de\/en\/wp-json\/wp\/v2\/users\/4"}],"replies":[{"embeddable":true,"href":"https:\/\/www.aufbruch-trainings.de\/en\/wp-json\/wp\/v2\/comments?post=10352"}],"version-history":[{"count":0,"href":"https:\/\/www.aufbruch-trainings.de\/en\/wp-json\/wp\/v2\/pages\/10352\/revisions"}],"wp:attachment":[{"href":"https:\/\/www.aufbruch-trainings.de\/en\/wp-json\/wp\/v2\/media?parent=10352"}],"curies":[{"name":"wp","href":"https:\/\/api.w.org\/{rel}","templated":true}]}}