{"id":10351,"date":"2019-02-26T10:10:57","date_gmt":"2019-02-26T09:10:57","guid":{"rendered":"https:\/\/www.aufbruch-trainings.de\/schwert-training\/"},"modified":"2026-01-15T18:43:33","modified_gmt":"2026-01-15T17:43:33","slug":"schwert-training","status":"publish","type":"page","link":"https:\/\/www.aufbruch-trainings.de\/en\/schwert-training\/","title":{"rendered":"Schwert-Training"},"content":{"rendered":"<h1><strong>Archetypisches Schwert-Training<\/strong><\/h1>\n<h1>Verbinde dich mit der Quelle deiner Klarheit<\/h1>\n<p>Das Schwert spielt in vielen traditionellen Kampfk\u00fcnsten eine wichtige Rolle. Die japanischen Samurais sehen das Schwert sogar als ihre Seele an. Symbolisch steht es f\u00fcr <strong>Bewusstheit, Klarheit, Entscheidungsfreude und Tatenergie<\/strong>.<br \/>\nIn diesem Training \u00fcbst du, dich zu zentrieren, dich mit dem Schwert zu bewegen, mithilfe des Schwerts pr\u00e4sent zu sein und in Kontakt zu treten. Das Schwert dient dabei als Spiegel f\u00fcr die Klarheit in deinen eigenen Bewegungen, f\u00fcr deine K\u00f6rperaufrichtung, f\u00fcr die Wahrnehmung deines eigenen Raums und des Raums der anderen. Indem du innere Entschlossenheit trainierst und gleichzeitig k\u00f6rperliche \u00dcbungen machst, kl\u00e4rst du dein energetisches Feld und lernst, immer mehr mit dem Schwert zu verschmelzen. Mithilfe des Schwerts \u00fcbst du, mehr in deinen physischen K\u00f6rper zu inkarnieren. Du st\u00e4rkst die <strong>Verbindung mit deinem erwachsenen Ich<\/strong>. Dein authentisches Sein bekommt mehr Raum, deine Essenz kann sich mehr und mehr ausdr\u00fccken.<\/p>\n<p>Das Schwert dient dir, wenn du es zu f\u00fchren wei\u00dft. Es richtet sich gegen dich, wenn dein Schatten \u00fcbernimmt. So wird es zum Medium f\u00fcr dich, wenn du bewusst und verantwortlich deine Wutenergie innerlich navigierst.<\/p>\n<p>Vielleicht spricht das Schwert auch eine alte Weisheit und Verbundenheit in dir an, die \u00fcber den Verstand hinaus geht. Dieser Teil von dir wei\u00df, dass du das Schwert f\u00fcr dein Herz und seine Anliegen f\u00fchren wirst.<\/p>\n<p>Wir stellen dir f\u00fcr das Training ein \u00dcbungsschwert (jap. Bokken) zur Verf\u00fcgung. Alternativ kannst du, wenn vorhanden, dein eigenes Schwert mitbringen.<\/p>\n<p>F\u00fcr die Teilnahme ist Erfahrung in Wut-Arbeit f\u00f6rderlich (Rage Club, Wutkraft-Training, Peaceful Warrior Training).<\/p>\n<p>Das Wochenend-Training ist f\u00fcr Anf\u00e4nger und Teilnehmende mit Vorerfahrung in Schwert-Arbeit geeignet.<br \/>\nRaumhalter, die Schwert-Arbeit in ihre Trainings einflie\u00dfen lassen und ihre bewusste Kompetenz erweitern wollen, profitieren ebenfalls von der Teilnahme. Der Fokus richtet sich f\u00fcr sie zus\u00e4tzlich auf Dynamik, Technik und Integration.<\/p>\n<h4>Termine<\/h4>\n<p><strong>11.\/12. April 2026 <\/strong>(Samstag\/Sonntag, jeweils 10:00 &#8211; 18:00 h)<br \/>\n<strong>26.\/27. September 2026<\/strong> (Samstag\/Sonntag, jeweils 10:00 &#8211; 18:00 h)<\/p>\n<p><strong>Ort<\/strong>: TSV M\u00fcnchen-Ost, Sieboldstra\u00dfe 4, 81669 M\u00fcnchen<br \/>\n<strong>Trainer: <\/strong>Samoto Michael Hallinger<br \/>\n<strong>Investition:<\/strong> 350 \u20ac pro Wochenende<br \/>\nVerbindliche Anmeldung ist erforderlich.<\/p>\n<p><a class=\"button btn btn-default lowercase\" href=\"https:\/\/www.aufbruch-trainings.de\/en\/seminar-anmeldung\/\">Online-Anmeldung<\/a><\/p>\n","protected":false},"excerpt":{"rendered":"<p>Archetypisches Schwert-Training Verbinde dich mit der Quelle deiner Klarheit Das Schwert spielt in vielen traditionellen Kampfk\u00fcnsten eine wichtige Rolle. Die japanischen Samurais sehen das Schwert sogar als ihre Seele an. Symbolisch steht es f\u00fcr Bewusstheit, Klarheit, Entscheidungsfreude und Tatenergie. In diesem Training \u00fcbst du, dich zu zentrieren, dich mit dem Schwert zu bewegen, mithilfe des [&hellip;]<\/p>\n","protected":false},"author":3,"featured_media":0,"parent":0,"menu_order":0,"comment_status":"closed","ping_status":"closed","template":"","meta":{"footnotes":""},"class_list":["post-10351","page","type-page","status-publish","hentry"],"yoast_head":"<!-- This site is optimized with the Yoast SEO plugin v27.1.1 - https:\/\/yoast.com\/product\/yoast-seo-wordpress\/ -->\n<title>Schwert-Training | Aufbruch Trainings<\/title>\n<meta name=\"description\" content=\"An diesem Tag trainierst du Zentrierung, Bewusstheit, Klarheit und Entscheidungsfreude mithilfe des \u00dcbungsschwerts.\" \/>\n<meta name=\"robots\" content=\"index, follow, max-snippet:-1, max-image-preview:large, max-video-preview:-1\" \/>\n<link rel=\"canonical\" href=\"https:\/\/www.aufbruch-trainings.de\/en\/schwert-training\/\" \/>\n<meta property=\"og:locale\" content=\"en_US\" \/>\n<meta property=\"og:type\" content=\"article\" \/>\n<meta property=\"og:title\" content=\"Schwert-Training | Aufbruch Trainings\" \/>\n<meta property=\"og:description\" content=\"An diesem Tag trainierst du Zentrierung, Bewusstheit, Klarheit und Entscheidungsfreude mithilfe des \u00dcbungsschwerts.\" \/>\n<meta property=\"og:url\" content=\"https:\/\/www.aufbruch-trainings.de\/en\/schwert-training\/\" \/>\n<meta property=\"og:site_name\" content=\"Aufbruch Trainings\" \/>\n<meta property=\"article:modified_time\" content=\"2026-01-15T17:43:33+00:00\" \/>\n<meta name=\"twitter:card\" content=\"summary_large_image\" \/>\n<meta name=\"twitter:label1\" content=\"Est. reading time\" \/>\n\t<meta name=\"twitter:data1\" content=\"2 minutes\" \/>\n<script type=\"application\/ld+json\" class=\"yoast-schema-graph\">{\"@context\":\"https:\/\/schema.org\",\"@graph\":[{\"@type\":\"WebPage\",\"@id\":\"https:\/\/www.aufbruch-trainings.de\/en\/schwert-training\/\",\"url\":\"https:\/\/www.aufbruch-trainings.de\/en\/schwert-training\/\",\"name\":\"Schwert-Training | Aufbruch Trainings\",\"isPartOf\":{\"@id\":\"https:\/\/www.aufbruch-trainings.de\/en\/#website\"},\"datePublished\":\"2019-02-26T09:10:57+00:00\",\"dateModified\":\"2026-01-15T17:43:33+00:00\",\"description\":\"An diesem Tag trainierst du Zentrierung, Bewusstheit, Klarheit und Entscheidungsfreude mithilfe des \u00dcbungsschwerts.\",\"inLanguage\":\"en-US\",\"potentialAction\":[{\"@type\":\"ReadAction\",\"target\":[\"https:\/\/www.aufbruch-trainings.de\/en\/schwert-training\/\"]}]},{\"@type\":\"WebSite\",\"@id\":\"https:\/\/www.aufbruch-trainings.de\/en\/#website\",\"url\":\"https:\/\/www.aufbruch-trainings.de\/en\/\",\"name\":\"Aufbruch Trainings\",\"description\":\"empowering people | possibility management | expand the box | coaching\",\"potentialAction\":[{\"@type\":\"SearchAction\",\"target\":{\"@type\":\"EntryPoint\",\"urlTemplate\":\"https:\/\/www.aufbruch-trainings.de\/en\/?s={search_term_string}\"},\"query-input\":{\"@type\":\"PropertyValueSpecification\",\"valueRequired\":true,\"valueName\":\"search_term_string\"}}],\"inLanguage\":\"en-US\"}]}<\/script>\n<!-- \/ Yoast SEO plugin. -->","yoast_head_json":{"title":"Schwert-Training | Aufbruch Trainings","description":"An diesem Tag trainierst du Zentrierung, Bewusstheit, Klarheit und Entscheidungsfreude mithilfe des \u00dcbungsschwerts.","robots":{"index":"index","follow":"follow","max-snippet":"max-snippet:-1","max-image-preview":"max-image-preview:large","max-video-preview":"max-video-preview:-1"},"canonical":"https:\/\/www.aufbruch-trainings.de\/en\/schwert-training\/","og_locale":"en_US","og_type":"article","og_title":"Schwert-Training | Aufbruch Trainings","og_description":"An diesem Tag trainierst du Zentrierung, Bewusstheit, Klarheit und Entscheidungsfreude mithilfe des \u00dcbungsschwerts.","og_url":"https:\/\/www.aufbruch-trainings.de\/en\/schwert-training\/","og_site_name":"Aufbruch Trainings","article_modified_time":"2026-01-15T17:43:33+00:00","twitter_card":"summary_large_image","twitter_misc":{"Est. reading time":"2 minutes"},"schema":{"@context":"https:\/\/schema.org","@graph":[{"@type":"WebPage","@id":"https:\/\/www.aufbruch-trainings.de\/en\/schwert-training\/","url":"https:\/\/www.aufbruch-trainings.de\/en\/schwert-training\/","name":"Schwert-Training | Aufbruch Trainings","isPartOf":{"@id":"https:\/\/www.aufbruch-trainings.de\/en\/#website"},"datePublished":"2019-02-26T09:10:57+00:00","dateModified":"2026-01-15T17:43:33+00:00","description":"An diesem Tag trainierst du Zentrierung, Bewusstheit, Klarheit und Entscheidungsfreude mithilfe des \u00dcbungsschwerts.","inLanguage":"en-US","potentialAction":[{"@type":"ReadAction","target":["https:\/\/www.aufbruch-trainings.de\/en\/schwert-training\/"]}]},{"@type":"WebSite","@id":"https:\/\/www.aufbruch-trainings.de\/en\/#website","url":"https:\/\/www.aufbruch-trainings.de\/en\/","name":"Aufbruch Trainings","description":"empowering people | possibility management | expand the box | coaching","potentialAction":[{"@type":"SearchAction","target":{"@type":"EntryPoint","urlTemplate":"https:\/\/www.aufbruch-trainings.de\/en\/?s={search_term_string}"},"query-input":{"@type":"PropertyValueSpecification","valueRequired":true,"valueName":"search_term_string"}}],"inLanguage":"en-US"}]}},"_links":{"self":[{"href":"https:\/\/www.aufbruch-trainings.de\/en\/wp-json\/wp\/v2\/pages\/10351","targetHints":{"allow":["GET"]}}],"collection":[{"href":"https:\/\/www.aufbruch-trainings.de\/en\/wp-json\/wp\/v2\/pages"}],"about":[{"href":"https:\/\/www.aufbruch-trainings.de\/en\/wp-json\/wp\/v2\/types\/page"}],"author":[{"embeddable":true,"href":"https:\/\/www.aufbruch-trainings.de\/en\/wp-json\/wp\/v2\/users\/3"}],"replies":[{"embeddable":true,"href":"https:\/\/www.aufbruch-trainings.de\/en\/wp-json\/wp\/v2\/comments?post=10351"}],"version-history":[{"count":5,"href":"https:\/\/www.aufbruch-trainings.de\/en\/wp-json\/wp\/v2\/pages\/10351\/revisions"}],"predecessor-version":[{"id":10590,"href":"https:\/\/www.aufbruch-trainings.de\/en\/wp-json\/wp\/v2\/pages\/10351\/revisions\/10590"}],"wp:attachment":[{"href":"https:\/\/www.aufbruch-trainings.de\/en\/wp-json\/wp\/v2\/media?parent=10351"}],"curies":[{"name":"wp","href":"https:\/\/api.w.org\/{rel}","templated":true}]}}