{"id":10350,"date":"2018-11-26T15:33:27","date_gmt":"2018-11-26T14:33:27","guid":{"rendered":"https:\/\/www.aufbruch-trainings.de\/feuerlauf\/"},"modified":"2025-01-07T18:33:08","modified_gmt":"2025-01-07T17:33:08","slug":"feuerlauf","status":"publish","type":"page","link":"https:\/\/www.aufbruch-trainings.de\/en\/feuerlauf\/","title":{"rendered":"Feuerlauf"},"content":{"rendered":"<h1><strong>Feuerlauf\u00a0 <\/strong><br \/>\nWof\u00fcr brennst du? Wof\u00fcr gehst du?<\/h1>\n<p>\u00dcbe<img loading=\"lazy\" decoding=\"async\" class=\"wp-image-3026 alignleft\" src=\"https:\/\/www.aufbruch-trainings.de\/wp-content\/uploads\/2019\/11\/joshua-newton-RPUI6gtn49g-unsplash-300x210.jpg\" alt=\"\" width=\"481\" height=\"336\" srcset=\"https:\/\/www.aufbruch-trainings.de\/wp-content\/uploads\/2019\/11\/joshua-newton-RPUI6gtn49g-unsplash-300x210.jpg 300w, https:\/\/www.aufbruch-trainings.de\/wp-content\/uploads\/2019\/11\/joshua-newton-RPUI6gtn49g-unsplash-768x538.jpg 768w, https:\/\/www.aufbruch-trainings.de\/wp-content\/uploads\/2019\/11\/joshua-newton-RPUI6gtn49g-unsplash.jpg 800w\" sizes=\"auto, (max-width: 481px) 100vw, 481px\" \/>r die Glut gehen ohne sich dabei die F\u00fc\u00dfe zu verbrennen &#8211; physikalisch ist es unm\u00f6glich.<br \/>\nIn einem initiatischen Erfahrungsraum ist es m\u00f6glich!<\/p>\n<p>Bevor du den Schritt tust, hast du Zeit, dich vorzubereiten. In dir wirst du einen Raum finden, in dem dein Herzensfeuer gl\u00fcht &#8211; wof\u00fcr du brennst, was dich wirklich begeistert, wonach du dich in der Tiefe sehnst.<\/p>\n<p>Du begegnest dem, wovon du dich zur\u00fcckhalten l\u00e4sst. Stell dir vor, du kannst deine Angst neu als eine neutrale Energie kennenlernen, frei von Wertung. Dann kann sie dir Pr\u00e4senz und Wachheit geben, die du brauchst, um den magischen Raum zu betreten, wo Gesetze der Physik au\u00dfer Kraft gesetzt werden. Zusammen mit deiner bewussten Wut, die dir Klarheit und Entschiedenheit bringt, gehst du unbeschadet \u00fcber das Feuer &#8211; f\u00fcr das, was dir wirklich am Herzen liegt.<\/p>\n<hr \/>\n<h3><strong>auf Anfrage<br \/>\n<\/strong><\/h3>\n<p><strong>\u00a0<\/strong><\/p>\n","protected":false},"excerpt":{"rendered":"<p>Feuerlauf\u00a0 Wof\u00fcr brennst du? Wof\u00fcr gehst du? \u00dcber die Glut gehen ohne sich dabei die F\u00fc\u00dfe zu verbrennen &#8211; physikalisch ist es unm\u00f6glich. In einem initiatischen Erfahrungsraum ist es m\u00f6glich! Bevor du den Schritt tust, hast du Zeit, dich vorzubereiten. In dir wirst du einen Raum finden, in dem dein Herzensfeuer gl\u00fcht &#8211; wof\u00fcr du [&hellip;]<\/p>\n","protected":false},"author":3,"featured_media":0,"parent":0,"menu_order":0,"comment_status":"closed","ping_status":"closed","template":"","meta":{"footnotes":""},"class_list":["post-10350","page","type-page","status-publish","hentry"],"yoast_head":"<!-- This site is optimized with the Yoast SEO plugin v27.1.1 - https:\/\/yoast.com\/product\/yoast-seo-wordpress\/ -->\n<title>Feuerlauf | Aufbruch Trainings<\/title>\n<meta name=\"description\" content=\"Starte den Fr\u00fchling 2021 mit einem Feuerlauf! Unbeschadet \u00fcber die Glut zu gehen, ist physikalisch unm\u00f6glich. In einem initiatorisch gehaltenen Raum IST es M\u00d6GLICH. Zu gehen, wof\u00fcr du innerlich wirklich brennst, wird die Gesetze der Physik vor\u00fcbergehend au\u00dfer Kraft setzen.\" \/>\n<meta name=\"robots\" content=\"index, follow, max-snippet:-1, max-image-preview:large, max-video-preview:-1\" \/>\n<link rel=\"canonical\" href=\"https:\/\/www.aufbruch-trainings.de\/en\/feuerlauf\/\" \/>\n<meta property=\"og:locale\" content=\"en_US\" \/>\n<meta property=\"og:type\" content=\"article\" \/>\n<meta property=\"og:title\" content=\"Feuerlauf | Aufbruch Trainings\" \/>\n<meta property=\"og:description\" content=\"Starte den Fr\u00fchling 2021 mit einem Feuerlauf! Unbeschadet \u00fcber die Glut zu gehen, ist physikalisch unm\u00f6glich. In einem initiatorisch gehaltenen Raum IST es M\u00d6GLICH. Zu gehen, wof\u00fcr du innerlich wirklich brennst, wird die Gesetze der Physik vor\u00fcbergehend au\u00dfer Kraft setzen.\" \/>\n<meta property=\"og:url\" content=\"https:\/\/www.aufbruch-trainings.de\/en\/feuerlauf\/\" \/>\n<meta property=\"og:site_name\" content=\"Aufbruch Trainings\" \/>\n<meta property=\"article:modified_time\" content=\"2025-01-07T17:33:08+00:00\" \/>\n<meta property=\"og:image\" content=\"https:\/\/www.aufbruch-trainings.de\/wp-content\/uploads\/2019\/11\/joshua-newton-RPUI6gtn49g-unsplash.jpg\" \/>\n\t<meta property=\"og:image:width\" content=\"800\" \/>\n\t<meta property=\"og:image:height\" content=\"560\" \/>\n\t<meta property=\"og:image:type\" content=\"image\/jpeg\" \/>\n<meta name=\"twitter:card\" content=\"summary_large_image\" \/>\n<meta name=\"twitter:label1\" content=\"Est. reading time\" \/>\n\t<meta name=\"twitter:data1\" content=\"2 minutes\" \/>\n<script type=\"application\/ld+json\" class=\"yoast-schema-graph\">{\"@context\":\"https:\/\/schema.org\",\"@graph\":[{\"@type\":\"WebPage\",\"@id\":\"https:\/\/www.aufbruch-trainings.de\/en\/feuerlauf\/\",\"url\":\"https:\/\/www.aufbruch-trainings.de\/en\/feuerlauf\/\",\"name\":\"Feuerlauf | Aufbruch Trainings\",\"isPartOf\":{\"@id\":\"https:\/\/www.aufbruch-trainings.de\/en\/#website\"},\"primaryImageOfPage\":{\"@id\":\"https:\/\/www.aufbruch-trainings.de\/en\/feuerlauf\/#primaryimage\"},\"image\":{\"@id\":\"https:\/\/www.aufbruch-trainings.de\/en\/feuerlauf\/#primaryimage\"},\"thumbnailUrl\":\"https:\/\/www.aufbruch-trainings.de\/wp-content\/uploads\/2019\/11\/joshua-newton-RPUI6gtn49g-unsplash-300x210.jpg\",\"datePublished\":\"2018-11-26T14:33:27+00:00\",\"dateModified\":\"2025-01-07T17:33:08+00:00\",\"description\":\"Starte den Fr\u00fchling 2021 mit einem Feuerlauf! Unbeschadet \u00fcber die Glut zu gehen, ist physikalisch unm\u00f6glich. In einem initiatorisch gehaltenen Raum IST es M\u00d6GLICH. Zu gehen, wof\u00fcr du innerlich wirklich brennst, wird die Gesetze der Physik vor\u00fcbergehend au\u00dfer Kraft setzen.\",\"inLanguage\":\"en-US\",\"potentialAction\":[{\"@type\":\"ReadAction\",\"target\":[\"https:\/\/www.aufbruch-trainings.de\/en\/feuerlauf\/\"]}]},{\"@type\":\"ImageObject\",\"inLanguage\":\"en-US\",\"@id\":\"https:\/\/www.aufbruch-trainings.de\/en\/feuerlauf\/#primaryimage\",\"url\":\"https:\/\/www.aufbruch-trainings.de\/wp-content\/uploads\/2019\/11\/joshua-newton-RPUI6gtn49g-unsplash-300x210.jpg\",\"contentUrl\":\"https:\/\/www.aufbruch-trainings.de\/wp-content\/uploads\/2019\/11\/joshua-newton-RPUI6gtn49g-unsplash-300x210.jpg\"},{\"@type\":\"WebSite\",\"@id\":\"https:\/\/www.aufbruch-trainings.de\/en\/#website\",\"url\":\"https:\/\/www.aufbruch-trainings.de\/en\/\",\"name\":\"Aufbruch Trainings\",\"description\":\"empowering people | possibility management | expand the box | coaching\",\"potentialAction\":[{\"@type\":\"SearchAction\",\"target\":{\"@type\":\"EntryPoint\",\"urlTemplate\":\"https:\/\/www.aufbruch-trainings.de\/en\/?s={search_term_string}\"},\"query-input\":{\"@type\":\"PropertyValueSpecification\",\"valueRequired\":true,\"valueName\":\"search_term_string\"}}],\"inLanguage\":\"en-US\"}]}<\/script>\n<!-- \/ Yoast SEO plugin. -->","yoast_head_json":{"title":"Feuerlauf | Aufbruch Trainings","description":"Starte den Fr\u00fchling 2021 mit einem Feuerlauf! Unbeschadet \u00fcber die Glut zu gehen, ist physikalisch unm\u00f6glich. In einem initiatorisch gehaltenen Raum IST es M\u00d6GLICH. Zu gehen, wof\u00fcr du innerlich wirklich brennst, wird die Gesetze der Physik vor\u00fcbergehend au\u00dfer Kraft setzen.","robots":{"index":"index","follow":"follow","max-snippet":"max-snippet:-1","max-image-preview":"max-image-preview:large","max-video-preview":"max-video-preview:-1"},"canonical":"https:\/\/www.aufbruch-trainings.de\/en\/feuerlauf\/","og_locale":"en_US","og_type":"article","og_title":"Feuerlauf | Aufbruch Trainings","og_description":"Starte den Fr\u00fchling 2021 mit einem Feuerlauf! Unbeschadet \u00fcber die Glut zu gehen, ist physikalisch unm\u00f6glich. In einem initiatorisch gehaltenen Raum IST es M\u00d6GLICH. Zu gehen, wof\u00fcr du innerlich wirklich brennst, wird die Gesetze der Physik vor\u00fcbergehend au\u00dfer Kraft setzen.","og_url":"https:\/\/www.aufbruch-trainings.de\/en\/feuerlauf\/","og_site_name":"Aufbruch Trainings","article_modified_time":"2025-01-07T17:33:08+00:00","og_image":[{"width":800,"height":560,"url":"https:\/\/www.aufbruch-trainings.de\/wp-content\/uploads\/2019\/11\/joshua-newton-RPUI6gtn49g-unsplash.jpg","type":"image\/jpeg"}],"twitter_card":"summary_large_image","twitter_misc":{"Est. reading time":"2 minutes"},"schema":{"@context":"https:\/\/schema.org","@graph":[{"@type":"WebPage","@id":"https:\/\/www.aufbruch-trainings.de\/en\/feuerlauf\/","url":"https:\/\/www.aufbruch-trainings.de\/en\/feuerlauf\/","name":"Feuerlauf | Aufbruch Trainings","isPartOf":{"@id":"https:\/\/www.aufbruch-trainings.de\/en\/#website"},"primaryImageOfPage":{"@id":"https:\/\/www.aufbruch-trainings.de\/en\/feuerlauf\/#primaryimage"},"image":{"@id":"https:\/\/www.aufbruch-trainings.de\/en\/feuerlauf\/#primaryimage"},"thumbnailUrl":"https:\/\/www.aufbruch-trainings.de\/wp-content\/uploads\/2019\/11\/joshua-newton-RPUI6gtn49g-unsplash-300x210.jpg","datePublished":"2018-11-26T14:33:27+00:00","dateModified":"2025-01-07T17:33:08+00:00","description":"Starte den Fr\u00fchling 2021 mit einem Feuerlauf! Unbeschadet \u00fcber die Glut zu gehen, ist physikalisch unm\u00f6glich. In einem initiatorisch gehaltenen Raum IST es M\u00d6GLICH. Zu gehen, wof\u00fcr du innerlich wirklich brennst, wird die Gesetze der Physik vor\u00fcbergehend au\u00dfer Kraft setzen.","inLanguage":"en-US","potentialAction":[{"@type":"ReadAction","target":["https:\/\/www.aufbruch-trainings.de\/en\/feuerlauf\/"]}]},{"@type":"ImageObject","inLanguage":"en-US","@id":"https:\/\/www.aufbruch-trainings.de\/en\/feuerlauf\/#primaryimage","url":"https:\/\/www.aufbruch-trainings.de\/wp-content\/uploads\/2019\/11\/joshua-newton-RPUI6gtn49g-unsplash-300x210.jpg","contentUrl":"https:\/\/www.aufbruch-trainings.de\/wp-content\/uploads\/2019\/11\/joshua-newton-RPUI6gtn49g-unsplash-300x210.jpg"},{"@type":"WebSite","@id":"https:\/\/www.aufbruch-trainings.de\/en\/#website","url":"https:\/\/www.aufbruch-trainings.de\/en\/","name":"Aufbruch Trainings","description":"empowering people | possibility management | expand the box | coaching","potentialAction":[{"@type":"SearchAction","target":{"@type":"EntryPoint","urlTemplate":"https:\/\/www.aufbruch-trainings.de\/en\/?s={search_term_string}"},"query-input":{"@type":"PropertyValueSpecification","valueRequired":true,"valueName":"search_term_string"}}],"inLanguage":"en-US"}]}},"_links":{"self":[{"href":"https:\/\/www.aufbruch-trainings.de\/en\/wp-json\/wp\/v2\/pages\/10350","targetHints":{"allow":["GET"]}}],"collection":[{"href":"https:\/\/www.aufbruch-trainings.de\/en\/wp-json\/wp\/v2\/pages"}],"about":[{"href":"https:\/\/www.aufbruch-trainings.de\/en\/wp-json\/wp\/v2\/types\/page"}],"author":[{"embeddable":true,"href":"https:\/\/www.aufbruch-trainings.de\/en\/wp-json\/wp\/v2\/users\/3"}],"replies":[{"embeddable":true,"href":"https:\/\/www.aufbruch-trainings.de\/en\/wp-json\/wp\/v2\/comments?post=10350"}],"version-history":[{"count":2,"href":"https:\/\/www.aufbruch-trainings.de\/en\/wp-json\/wp\/v2\/pages\/10350\/revisions"}],"predecessor-version":[{"id":10426,"href":"https:\/\/www.aufbruch-trainings.de\/en\/wp-json\/wp\/v2\/pages\/10350\/revisions\/10426"}],"wp:attachment":[{"href":"https:\/\/www.aufbruch-trainings.de\/en\/wp-json\/wp\/v2\/media?parent=10350"}],"curies":[{"name":"wp","href":"https:\/\/api.w.org\/{rel}","templated":true}]}}