{"id":10349,"date":"2016-10-03T17:49:16","date_gmt":"2016-10-03T16:49:16","guid":{"rendered":"https:\/\/www.aufbruch-trainings.de\/possibility-team\/"},"modified":"2016-10-03T17:49:16","modified_gmt":"2016-10-03T16:49:16","slug":"possibility-team","status":"publish","type":"page","link":"https:\/\/www.aufbruch-trainings.de\/en\/possibility-team\/","title":{"rendered":"Possibility Team"},"content":{"rendered":"<h1><strong>Possibility Team<\/strong><br \/>\nNutze die Kraft der emotionalen Gruppenintelligenz!<\/h1>\n<p><img decoding=\"async\" class=\"col-md-5 wp-image-73 alignright\" src=\"https:\/\/www.aufbruch-trainings.de\/wp-content\/uploads\/Haende-Team.jpg\" alt=\"Bild Aufbruch Team\" width=\"100%\" \/><br \/>\nStell dir vor, es gibt einen Raum, wo&#8230;<\/p>\n<ul>\n<li>du um das bitten kannst, was du brauchst<\/li>\n<li>du darum bitten kannst, herauszufinden, was du eigentlich brauchst<\/li>\n<li>du sein kannst, wie du bist<\/li>\n<li>du M\u00f6glichkeiten bekommst, von denen du zuvor nie gedacht h\u00e4ttest, dass es sie gibt<\/li>\n<li>du aus dem Vollen sch\u00f6pfen kannst<\/li>\n<li>du unerwartet Freunde findest<\/li>\n<li>Zeitreisen m\u00f6glich sind und sich Materie neu definiert<\/li>\n<li>dein Sein einen Platz findet<\/li>\n<li>es Spa\u00df macht, Gef\u00fchle zu haben<\/li>\n<\/ul>\n<p>Es gibt diesen Raum. Dort spielen wir mit den Werkzeugen und Unterscheidungen aus dem Possibility Management.<br \/>\nDas er\u00f6ffnet neue M\u00f6glichkeiten in Kommunikation und Beziehung, neue Perspektiven f\u00fcr bekannte Herausforderungen, Antworten auf nicht gestellte Fragen und Spa\u00df auf h\u00f6chstem Niveau. Das Team ist sowohl etwas f\u00fcr neugierige Einsteiger als auch erfahrene Possibility Manager.<\/p>\n<h4>Aktuelles<strong><br \/>\n<\/strong><\/h4>\n<ul style=\"list-style-type: disc;\">\n<li><strong>InsPIRATeam M\u00fcnchen<\/strong><strong>, <\/strong>das Team f\u00fcr Menschen mit Expand The Box, wechselnde Raumhalter<br \/>\n<strong>Bitte anfragen<\/strong> bei Barbara Th\u00fcrnagel per Mail an <a href=\"mailto:taichi1991@posteo.de\">taichi1991@posteo.de\u00a0<\/a>oder telefonisch unter 089 4489967<\/li>\n<\/ul>\n","protected":false},"excerpt":{"rendered":"<p>Possibility Team Nutze die Kraft der emotionalen Gruppenintelligenz! Stell dir vor, es gibt einen Raum, wo&#8230; du um das bitten kannst, was du brauchst du darum bitten kannst, herauszufinden, was du eigentlich brauchst du sein kannst, wie du bist du M\u00f6glichkeiten bekommst, von denen du zuvor nie gedacht h\u00e4ttest, dass es sie gibt du aus [&hellip;]<\/p>\n","protected":false},"author":3,"featured_media":0,"parent":0,"menu_order":0,"comment_status":"closed","ping_status":"closed","template":"","meta":{"footnotes":""},"class_list":["post-10349","page","type-page","status-publish","hentry"],"yoast_head":"<!-- This site is optimized with the Yoast SEO plugin v27.6 - https:\/\/yoast.com\/product\/yoast-seo-wordpress\/ -->\n<title>Possibility Team | Aufbruch Trainings<\/title>\n<meta name=\"robots\" content=\"index, follow, max-snippet:-1, max-image-preview:large, max-video-preview:-1\" \/>\n<link rel=\"canonical\" href=\"https:\/\/www.aufbruch-trainings.de\/en\/possibility-team\/\" \/>\n<meta property=\"og:locale\" content=\"en_US\" \/>\n<meta property=\"og:type\" content=\"article\" \/>\n<meta property=\"og:title\" content=\"Possibility Team | Aufbruch Trainings\" \/>\n<meta property=\"og:description\" content=\"Possibility Team Nutze die Kraft der emotionalen Gruppenintelligenz! Stell dir vor, es gibt einen Raum, wo&#8230; du um das bitten kannst, was du brauchst du darum bitten kannst, herauszufinden, was du eigentlich brauchst du sein kannst, wie du bist du M\u00f6glichkeiten bekommst, von denen du zuvor nie gedacht h\u00e4ttest, dass es sie gibt du aus [&hellip;]\" \/>\n<meta property=\"og:url\" content=\"https:\/\/www.aufbruch-trainings.de\/en\/possibility-team\/\" \/>\n<meta property=\"og:site_name\" content=\"Aufbruch Trainings\" \/>\n<meta property=\"og:image\" content=\"https:\/\/www.aufbruch-trainings.de\/wp-content\/uploads\/Haende-Team.jpg\" \/>\n<meta name=\"twitter:card\" content=\"summary_large_image\" \/>\n<meta name=\"twitter:label1\" content=\"Est. reading time\" \/>\n\t<meta name=\"twitter:data1\" content=\"1 minute\" \/>\n<script type=\"application\/ld+json\" class=\"yoast-schema-graph\">{\"@context\":\"https:\\\/\\\/schema.org\",\"@graph\":[{\"@type\":\"WebPage\",\"@id\":\"https:\\\/\\\/www.aufbruch-trainings.de\\\/en\\\/possibility-team\\\/\",\"url\":\"https:\\\/\\\/www.aufbruch-trainings.de\\\/en\\\/possibility-team\\\/\",\"name\":\"Possibility Team | Aufbruch Trainings\",\"isPartOf\":{\"@id\":\"https:\\\/\\\/www.aufbruch-trainings.de\\\/en\\\/#website\"},\"primaryImageOfPage\":{\"@id\":\"https:\\\/\\\/www.aufbruch-trainings.de\\\/en\\\/possibility-team\\\/#primaryimage\"},\"image\":{\"@id\":\"https:\\\/\\\/www.aufbruch-trainings.de\\\/en\\\/possibility-team\\\/#primaryimage\"},\"thumbnailUrl\":\"https:\\\/\\\/www.aufbruch-trainings.de\\\/wp-content\\\/uploads\\\/Haende-Team.jpg\",\"datePublished\":\"2016-10-03T16:49:16+00:00\",\"inLanguage\":\"en-US\",\"potentialAction\":[{\"@type\":\"ReadAction\",\"target\":[\"https:\\\/\\\/www.aufbruch-trainings.de\\\/en\\\/possibility-team\\\/\"]}]},{\"@type\":\"ImageObject\",\"inLanguage\":\"en-US\",\"@id\":\"https:\\\/\\\/www.aufbruch-trainings.de\\\/en\\\/possibility-team\\\/#primaryimage\",\"url\":\"https:\\\/\\\/www.aufbruch-trainings.de\\\/wp-content\\\/uploads\\\/Haende-Team.jpg\",\"contentUrl\":\"https:\\\/\\\/www.aufbruch-trainings.de\\\/wp-content\\\/uploads\\\/Haende-Team.jpg\"},{\"@type\":\"WebSite\",\"@id\":\"https:\\\/\\\/www.aufbruch-trainings.de\\\/en\\\/#website\",\"url\":\"https:\\\/\\\/www.aufbruch-trainings.de\\\/en\\\/\",\"name\":\"Aufbruch Trainings\",\"description\":\"empowering people | possibility management | expand the box | coaching\",\"potentialAction\":[{\"@type\":\"SearchAction\",\"target\":{\"@type\":\"EntryPoint\",\"urlTemplate\":\"https:\\\/\\\/www.aufbruch-trainings.de\\\/en\\\/?s={search_term_string}\"},\"query-input\":{\"@type\":\"PropertyValueSpecification\",\"valueRequired\":true,\"valueName\":\"search_term_string\"}}],\"inLanguage\":\"en-US\"}]}<\/script>\n<!-- \/ Yoast SEO plugin. -->","yoast_head_json":{"title":"Possibility Team | Aufbruch Trainings","robots":{"index":"index","follow":"follow","max-snippet":"max-snippet:-1","max-image-preview":"max-image-preview:large","max-video-preview":"max-video-preview:-1"},"canonical":"https:\/\/www.aufbruch-trainings.de\/en\/possibility-team\/","og_locale":"en_US","og_type":"article","og_title":"Possibility Team | Aufbruch Trainings","og_description":"Possibility Team Nutze die Kraft der emotionalen Gruppenintelligenz! Stell dir vor, es gibt einen Raum, wo&#8230; du um das bitten kannst, was du brauchst du darum bitten kannst, herauszufinden, was du eigentlich brauchst du sein kannst, wie du bist du M\u00f6glichkeiten bekommst, von denen du zuvor nie gedacht h\u00e4ttest, dass es sie gibt du aus [&hellip;]","og_url":"https:\/\/www.aufbruch-trainings.de\/en\/possibility-team\/","og_site_name":"Aufbruch Trainings","og_image":[{"url":"https:\/\/www.aufbruch-trainings.de\/wp-content\/uploads\/Haende-Team.jpg","type":"","width":"","height":""}],"twitter_card":"summary_large_image","twitter_misc":{"Est. reading time":"1 minute"},"schema":{"@context":"https:\/\/schema.org","@graph":[{"@type":"WebPage","@id":"https:\/\/www.aufbruch-trainings.de\/en\/possibility-team\/","url":"https:\/\/www.aufbruch-trainings.de\/en\/possibility-team\/","name":"Possibility Team | Aufbruch Trainings","isPartOf":{"@id":"https:\/\/www.aufbruch-trainings.de\/en\/#website"},"primaryImageOfPage":{"@id":"https:\/\/www.aufbruch-trainings.de\/en\/possibility-team\/#primaryimage"},"image":{"@id":"https:\/\/www.aufbruch-trainings.de\/en\/possibility-team\/#primaryimage"},"thumbnailUrl":"https:\/\/www.aufbruch-trainings.de\/wp-content\/uploads\/Haende-Team.jpg","datePublished":"2016-10-03T16:49:16+00:00","inLanguage":"en-US","potentialAction":[{"@type":"ReadAction","target":["https:\/\/www.aufbruch-trainings.de\/en\/possibility-team\/"]}]},{"@type":"ImageObject","inLanguage":"en-US","@id":"https:\/\/www.aufbruch-trainings.de\/en\/possibility-team\/#primaryimage","url":"https:\/\/www.aufbruch-trainings.de\/wp-content\/uploads\/Haende-Team.jpg","contentUrl":"https:\/\/www.aufbruch-trainings.de\/wp-content\/uploads\/Haende-Team.jpg"},{"@type":"WebSite","@id":"https:\/\/www.aufbruch-trainings.de\/en\/#website","url":"https:\/\/www.aufbruch-trainings.de\/en\/","name":"Aufbruch Trainings","description":"empowering people | possibility management | expand the box | coaching","potentialAction":[{"@type":"SearchAction","target":{"@type":"EntryPoint","urlTemplate":"https:\/\/www.aufbruch-trainings.de\/en\/?s={search_term_string}"},"query-input":{"@type":"PropertyValueSpecification","valueRequired":true,"valueName":"search_term_string"}}],"inLanguage":"en-US"}]}},"_links":{"self":[{"href":"https:\/\/www.aufbruch-trainings.de\/en\/wp-json\/wp\/v2\/pages\/10349","targetHints":{"allow":["GET"]}}],"collection":[{"href":"https:\/\/www.aufbruch-trainings.de\/en\/wp-json\/wp\/v2\/pages"}],"about":[{"href":"https:\/\/www.aufbruch-trainings.de\/en\/wp-json\/wp\/v2\/types\/page"}],"author":[{"embeddable":true,"href":"https:\/\/www.aufbruch-trainings.de\/en\/wp-json\/wp\/v2\/users\/3"}],"replies":[{"embeddable":true,"href":"https:\/\/www.aufbruch-trainings.de\/en\/wp-json\/wp\/v2\/comments?post=10349"}],"version-history":[{"count":0,"href":"https:\/\/www.aufbruch-trainings.de\/en\/wp-json\/wp\/v2\/pages\/10349\/revisions"}],"wp:attachment":[{"href":"https:\/\/www.aufbruch-trainings.de\/en\/wp-json\/wp\/v2\/media?parent=10349"}],"curies":[{"name":"wp","href":"https:\/\/api.w.org\/{rel}","templated":true}]}}