{"id":10348,"date":"2015-12-20T20:23:05","date_gmt":"2015-12-20T19:23:05","guid":{"rendered":"https:\/\/www.aufbruch-trainings.de\/spielraum-planegg\/"},"modified":"2025-03-26T16:27:41","modified_gmt":"2025-03-26T15:27:41","slug":"spielraum-planegg","status":"publish","type":"page","link":"https:\/\/www.aufbruch-trainings.de\/en\/spielraum-planegg\/","title":{"rendered":"Spielraum Planegg"},"content":{"rendered":"<p><a href=\"https:\/\/www.aufbruch-trainings.de\/wp-content\/uploads\/Spielraum_nachts.jpg\" data-rel=\"lightbox-image-0\" data-rl_title=\"\" data-rl_caption=\"\" title=\"\"><img loading=\"lazy\" decoding=\"async\" class=\"size-medium wp-image-940 alignright\" src=\"https:\/\/www.aufbruch-trainings.de\/wp-content\/uploads\/Spielraum_nachts-217x300.jpg\" alt=\"Spielraum_nachts\" width=\"217\" height=\"300\" srcset=\"https:\/\/www.aufbruch-trainings.de\/wp-content\/uploads\/Spielraum_nachts-217x300.jpg 217w, https:\/\/www.aufbruch-trainings.de\/wp-content\/uploads\/Spielraum_nachts.jpg 740w\" sizes=\"auto, (max-width: 217px) 100vw, 217px\" \/><\/a><\/p>\n<h1><strong>Der Spielraum in Planegg<br \/>\n<\/strong><\/h1>\n<p>ist ein Ort f\u00fcr <a href=\"https:\/\/www.aufbruch-trainings.de\/en\/possibility-coaching\/\">Einzel-Begleitung, sowie Paar-Coachings<\/a> und verschiedene Gruppen.<\/p>\n<p>Die Einzelarbeit kann auch eine <a href=\"https:\/\/www.feelingspractitioner.org\/fp-session\">Feelings Practitioner Session<\/a> sein, wenn du neue M\u00f6glichkeiten im Umgang mit k\u00f6rperlichen Symptomen w\u00fcnschst.<\/p>\n<p>Spielraum ist ebenfalls f\u00fcr <strong>Kunst und informelle Begegnung<\/strong>:<br \/>\nkleine Konzerte, Impro-Abende, Life Caf\u00e9s&#8230;<\/p>\n<hr \/>\n<p><em><a href=\"https:\/\/www.google.de\/maps\/place\/Heimgartenstra%C3%9Fe+1,+82152+Planegg\/@48.10631,11.4155619,17z\/data=!4m7!1m4!3m3!1s0x479dd779e227f6b9:0xe4746341a7e67950!2sHeimgartenstra%C3%9Fe+1,+82152+Planegg!3b1!3m1!1s0x479dd779e227f6b9:0xe4746341a7e67950\" target=\"_blank\" rel=\"noopener\">Lageplan und Anfahrt<\/a><br \/>\n<\/em>Heimgartenstr. 1 in 82152 Planegg<br \/>\n5 Minuten zu Fu\u00df von der S-Bahn-Haltestelle Planegg (Linie 6 Tutzing-Ostbahnhof)<\/p>\n<hr \/>\n<h4><\/h4>\n<p>&nbsp;<\/p>\n<p><a href=\"https:\/\/www.aufbruch-trainings.de\/possibility-team-coaching.html\" target=\"_blank\" rel=\"noopener\">\u00a0<\/a><\/p>\n<p>&nbsp;<\/p>\n<p>&nbsp;<\/p>\n","protected":false},"excerpt":{"rendered":"<p>Der Spielraum in Planegg ist ein Ort f\u00fcr Einzel-Begleitung, sowie Paar-Coachings und verschiedene Gruppen. Die Einzelarbeit kann auch eine Feelings Practitioner Session sein, wenn du neue M\u00f6glichkeiten im Umgang mit k\u00f6rperlichen Symptomen w\u00fcnschst. Spielraum ist ebenfalls f\u00fcr Kunst und informelle Begegnung: kleine Konzerte, Impro-Abende, Life Caf\u00e9s&#8230; Lageplan und Anfahrt Heimgartenstr. 1 in 82152 Planegg 5 [&hellip;]<\/p>\n","protected":false},"author":3,"featured_media":0,"parent":0,"menu_order":0,"comment_status":"closed","ping_status":"closed","template":"","meta":{"footnotes":""},"class_list":["post-10348","page","type-page","status-publish","hentry"],"yoast_head":"<!-- This site is optimized with the Yoast SEO plugin v27.6 - https:\/\/yoast.com\/product\/yoast-seo-wordpress\/ -->\n<title>Spielraum Planegg, Heimgartenstr. 1, 82152 Planegg<\/title>\n<meta name=\"description\" content=\"Spielraum Planegg, Aufbruch Trainings, Possibility Management, Alexander-Technik Dagmar Th\u00fcrnagel, HP Michael Hallinger\" \/>\n<meta name=\"robots\" content=\"index, follow, max-snippet:-1, max-image-preview:large, max-video-preview:-1\" \/>\n<link rel=\"canonical\" href=\"https:\/\/www.aufbruch-trainings.de\/en\/spielraum-planegg\/\" \/>\n<meta property=\"og:locale\" content=\"en_US\" \/>\n<meta property=\"og:type\" content=\"article\" \/>\n<meta property=\"og:title\" content=\"Spielraum Planegg, Heimgartenstr. 1, 82152 Planegg\" \/>\n<meta property=\"og:description\" content=\"Spielraum Planegg, Aufbruch Trainings, Possibility Management, Alexander-Technik Dagmar Th\u00fcrnagel, HP Michael Hallinger\" \/>\n<meta property=\"og:url\" content=\"https:\/\/www.aufbruch-trainings.de\/en\/spielraum-planegg\/\" \/>\n<meta property=\"og:site_name\" content=\"Aufbruch Trainings\" \/>\n<meta property=\"article:modified_time\" content=\"2025-03-26T15:27:41+00:00\" \/>\n<meta property=\"og:image\" content=\"https:\/\/www.aufbruch-trainings.de\/wp-content\/uploads\/Spielraum_nachts.jpg\" \/>\n\t<meta property=\"og:image:width\" content=\"740\" \/>\n\t<meta property=\"og:image:height\" content=\"1024\" \/>\n\t<meta property=\"og:image:type\" content=\"image\/jpeg\" \/>\n<meta name=\"twitter:card\" content=\"summary_large_image\" \/>\n<meta name=\"twitter:label1\" content=\"Est. reading time\" \/>\n\t<meta name=\"twitter:data1\" content=\"1 minute\" \/>\n<script type=\"application\/ld+json\" class=\"yoast-schema-graph\">{\"@context\":\"https:\\\/\\\/schema.org\",\"@graph\":[{\"@type\":\"WebPage\",\"@id\":\"https:\\\/\\\/www.aufbruch-trainings.de\\\/en\\\/spielraum-planegg\\\/\",\"url\":\"https:\\\/\\\/www.aufbruch-trainings.de\\\/en\\\/spielraum-planegg\\\/\",\"name\":\"Spielraum Planegg, Heimgartenstr. 1, 82152 Planegg\",\"isPartOf\":{\"@id\":\"https:\\\/\\\/www.aufbruch-trainings.de\\\/en\\\/#website\"},\"primaryImageOfPage\":{\"@id\":\"https:\\\/\\\/www.aufbruch-trainings.de\\\/en\\\/spielraum-planegg\\\/#primaryimage\"},\"image\":{\"@id\":\"https:\\\/\\\/www.aufbruch-trainings.de\\\/en\\\/spielraum-planegg\\\/#primaryimage\"},\"thumbnailUrl\":\"https:\\\/\\\/www.aufbruch-trainings.de\\\/wp-content\\\/uploads\\\/Spielraum_nachts-217x300.jpg\",\"datePublished\":\"2015-12-20T19:23:05+00:00\",\"dateModified\":\"2025-03-26T15:27:41+00:00\",\"description\":\"Spielraum Planegg, Aufbruch Trainings, Possibility Management, Alexander-Technik Dagmar Th\u00fcrnagel, HP Michael Hallinger\",\"inLanguage\":\"en-US\",\"potentialAction\":[{\"@type\":\"ReadAction\",\"target\":[\"https:\\\/\\\/www.aufbruch-trainings.de\\\/en\\\/spielraum-planegg\\\/\"]}]},{\"@type\":\"ImageObject\",\"inLanguage\":\"en-US\",\"@id\":\"https:\\\/\\\/www.aufbruch-trainings.de\\\/en\\\/spielraum-planegg\\\/#primaryimage\",\"url\":\"https:\\\/\\\/www.aufbruch-trainings.de\\\/wp-content\\\/uploads\\\/Spielraum_nachts-217x300.jpg\",\"contentUrl\":\"https:\\\/\\\/www.aufbruch-trainings.de\\\/wp-content\\\/uploads\\\/Spielraum_nachts-217x300.jpg\"},{\"@type\":\"WebSite\",\"@id\":\"https:\\\/\\\/www.aufbruch-trainings.de\\\/en\\\/#website\",\"url\":\"https:\\\/\\\/www.aufbruch-trainings.de\\\/en\\\/\",\"name\":\"Aufbruch Trainings\",\"description\":\"empowering people | possibility management | expand the box | coaching\",\"potentialAction\":[{\"@type\":\"SearchAction\",\"target\":{\"@type\":\"EntryPoint\",\"urlTemplate\":\"https:\\\/\\\/www.aufbruch-trainings.de\\\/en\\\/?s={search_term_string}\"},\"query-input\":{\"@type\":\"PropertyValueSpecification\",\"valueRequired\":true,\"valueName\":\"search_term_string\"}}],\"inLanguage\":\"en-US\"}]}<\/script>\n<!-- \/ Yoast SEO plugin. -->","yoast_head_json":{"title":"Spielraum Planegg, Heimgartenstr. 1, 82152 Planegg","description":"Spielraum Planegg, Aufbruch Trainings, Possibility Management, Alexander-Technik Dagmar Th\u00fcrnagel, HP Michael Hallinger","robots":{"index":"index","follow":"follow","max-snippet":"max-snippet:-1","max-image-preview":"max-image-preview:large","max-video-preview":"max-video-preview:-1"},"canonical":"https:\/\/www.aufbruch-trainings.de\/en\/spielraum-planegg\/","og_locale":"en_US","og_type":"article","og_title":"Spielraum Planegg, Heimgartenstr. 1, 82152 Planegg","og_description":"Spielraum Planegg, Aufbruch Trainings, Possibility Management, Alexander-Technik Dagmar Th\u00fcrnagel, HP Michael Hallinger","og_url":"https:\/\/www.aufbruch-trainings.de\/en\/spielraum-planegg\/","og_site_name":"Aufbruch Trainings","article_modified_time":"2025-03-26T15:27:41+00:00","og_image":[{"width":740,"height":1024,"url":"https:\/\/www.aufbruch-trainings.de\/wp-content\/uploads\/Spielraum_nachts.jpg","type":"image\/jpeg"}],"twitter_card":"summary_large_image","twitter_misc":{"Est. reading time":"1 minute"},"schema":{"@context":"https:\/\/schema.org","@graph":[{"@type":"WebPage","@id":"https:\/\/www.aufbruch-trainings.de\/en\/spielraum-planegg\/","url":"https:\/\/www.aufbruch-trainings.de\/en\/spielraum-planegg\/","name":"Spielraum Planegg, Heimgartenstr. 1, 82152 Planegg","isPartOf":{"@id":"https:\/\/www.aufbruch-trainings.de\/en\/#website"},"primaryImageOfPage":{"@id":"https:\/\/www.aufbruch-trainings.de\/en\/spielraum-planegg\/#primaryimage"},"image":{"@id":"https:\/\/www.aufbruch-trainings.de\/en\/spielraum-planegg\/#primaryimage"},"thumbnailUrl":"https:\/\/www.aufbruch-trainings.de\/wp-content\/uploads\/Spielraum_nachts-217x300.jpg","datePublished":"2015-12-20T19:23:05+00:00","dateModified":"2025-03-26T15:27:41+00:00","description":"Spielraum Planegg, Aufbruch Trainings, Possibility Management, Alexander-Technik Dagmar Th\u00fcrnagel, HP Michael Hallinger","inLanguage":"en-US","potentialAction":[{"@type":"ReadAction","target":["https:\/\/www.aufbruch-trainings.de\/en\/spielraum-planegg\/"]}]},{"@type":"ImageObject","inLanguage":"en-US","@id":"https:\/\/www.aufbruch-trainings.de\/en\/spielraum-planegg\/#primaryimage","url":"https:\/\/www.aufbruch-trainings.de\/wp-content\/uploads\/Spielraum_nachts-217x300.jpg","contentUrl":"https:\/\/www.aufbruch-trainings.de\/wp-content\/uploads\/Spielraum_nachts-217x300.jpg"},{"@type":"WebSite","@id":"https:\/\/www.aufbruch-trainings.de\/en\/#website","url":"https:\/\/www.aufbruch-trainings.de\/en\/","name":"Aufbruch Trainings","description":"empowering people | possibility management | expand the box | coaching","potentialAction":[{"@type":"SearchAction","target":{"@type":"EntryPoint","urlTemplate":"https:\/\/www.aufbruch-trainings.de\/en\/?s={search_term_string}"},"query-input":{"@type":"PropertyValueSpecification","valueRequired":true,"valueName":"search_term_string"}}],"inLanguage":"en-US"}]}},"_links":{"self":[{"href":"https:\/\/www.aufbruch-trainings.de\/en\/wp-json\/wp\/v2\/pages\/10348","targetHints":{"allow":["GET"]}}],"collection":[{"href":"https:\/\/www.aufbruch-trainings.de\/en\/wp-json\/wp\/v2\/pages"}],"about":[{"href":"https:\/\/www.aufbruch-trainings.de\/en\/wp-json\/wp\/v2\/types\/page"}],"author":[{"embeddable":true,"href":"https:\/\/www.aufbruch-trainings.de\/en\/wp-json\/wp\/v2\/users\/3"}],"replies":[{"embeddable":true,"href":"https:\/\/www.aufbruch-trainings.de\/en\/wp-json\/wp\/v2\/comments?post=10348"}],"version-history":[{"count":1,"href":"https:\/\/www.aufbruch-trainings.de\/en\/wp-json\/wp\/v2\/pages\/10348\/revisions"}],"predecessor-version":[{"id":10485,"href":"https:\/\/www.aufbruch-trainings.de\/en\/wp-json\/wp\/v2\/pages\/10348\/revisions\/10485"}],"wp:attachment":[{"href":"https:\/\/www.aufbruch-trainings.de\/en\/wp-json\/wp\/v2\/media?parent=10348"}],"curies":[{"name":"wp","href":"https:\/\/api.w.org\/{rel}","templated":true}]}}